{"id":1493,"date":"2013-07-08T22:54:47","date_gmt":"2013-07-08T21:54:47","guid":{"rendered":"http:\/\/hotelwestside.44.io\/paris-arc-de-triomphe\/area\/"},"modified":"2024-10-09T16:44:44","modified_gmt":"2024-10-09T15:44:44","slug":"quartiere","status":"publish","type":"page","link":"https:\/\/www.hotelwestside.com\/it\/paris-arc-de-triomphe\/quartiere\/","title":{"rendered":"Il quartiere"},"content":{"rendered":"<p>Situato al n\u00b0 36 di rue Pierre Demours, nel 17\u00b0 arrondissement di Parigi (nell&#8217;Ovest della capitale), l&#8217;Hotel Westside gode di una posizione strategica. Nei pressi del Palazzo dei Congressi di Porte Maillot e del quartiere de La D\u00e9fense, l&#8217;hotel \u00e8 a una decina di minuti a piedi da Place de l&#8217;Etoile, dall&#8217;Arco di Trionfo e dall&#8217;inizio degli Champs-Elys\u00e9es.<\/p>\n<p>L&#8217;hotel si trova in una via a senso unico, particolarmente calma, in un quartiere marcato dallo stile haussmaniano.<br \/>\nInoltre, questa zona &#8220;chic&#8221; del 17\u00b0 arrondissement \u00e8 ricca di bar, ristoranti e negozi: il quartiere \u00e8 in piena trasformazione ed \u00e8 animato da un&#8217;atmosfera vivace e conviviale.<\/p>\n<p>Il mercato di rue Poncelet \u00e8 uno dei pi\u00f9 pittoreschi di Parigi. Qui potrai trovare prodotti alimentari di alta qualit\u00e0, ma anche tanti negozietti e servizi.<\/p>\n<p>Il Parc Monceau (foto), uno dei pi\u00f9 eleganti giardini parigini, \u00e8 a soli 10 minuti a piedi. Vera oasi di pace, \u00e8 il luogo ideale per un jogging mattutino o un picnic tra amici. Dispone di un&#8217;area giochi per bambini.<\/p>\n<p>Gli appassionati di shopping faranno salti di gioia: la FNAC Ternes \u00e8 a soli 5 minuti a piedi dall&#8217;hotel, e nei dintorni sono presenti numerose boutique d&#8217;abbigliamento: Luis Vuitton, Lancel, Comptoir des Cotonniers, Maje, Eden Park&#8230;<\/p>\n<p>Anche i ristoranti non mancano: dalla famosa brasserie La Lorraine (Place des Ternes) ai tipici ristoranti italiani di quartiere come La Famiglia (avenue Niel), passando per locali pi\u00f9 alla moda come M\u00f4m (in fondo alla rue Demours).<br \/>\nGli amanti dei frutti di mare troveranno ottime ostriche al Bar \u00e0 Hu\u00eetres (avenue de Wagram) o a L\u2019Huitrier (rue Saussier Leroy). Vicino al Westside ci sono anche due dei migliori ristoranti di pesce di Parigi: Dessirier (Place du Mar\u00e9chal Juin) e Rech (avenue des Ternes).<\/p>\n<p>In meno di 3 minuti a piedi dalla tua camera potrai sederti ai tavoli di Fr\u00e9d\u00e9ric Simonin, chef 1 stella Michelin e Le Rital. Ovviamente esistono anche tante altre alternative a prezzi pi\u00f9 abbordabili. In questa categoria consigliamo Au Petit Marguery (avenue des Ternes), L&#8217;Hortensia (Place du Mar\u00e9chal Juin), Les Caves Petrissans (avenue Niel) e l&#8217;Aligot (avenue Niel) e Schwartz&#8217;s Deli (avenue Niel). Gli appassionati di cucina orientale invece si delizieranno a L\u2019Orchid\u00e9e Tha\u00ef (rue Laugier) o da Chez Ly (avenue Niel).<\/p>\n<p>Buon appetito !<\/p>\n","protected":false},"excerpt":{"rendered":"<p>Situato al n\u00b0 36 di rue Pierre Demours, nel 17\u00b0 arrondissement di Parigi (nell&#8217;Ovest della capitale), l&#8217;Hotel Westside gode di una posizione strategica. Nei pressi del Palazzo dei Congressi di Porte Maillot e del quartiere de La D\u00e9fense, l&#8217;hotel \u00e8 a una decina di minuti a piedi da Place de l&#8217;Etoile, dall&#8217;Arco di Trionfo e [&hellip;]<\/p>\n","protected":false},"author":2,"featured_media":0,"parent":1449,"menu_order":10,"comment_status":"closed","ping_status":"closed","template":"page-sidebar.php","meta":{"_acf_changed":false,"_seopress_robots_primary_cat":"","_seopress_titles_title":"Westside Hotel's vicinity : dining & shopping in Paris","_seopress_titles_desc":"","_seopress_robots_index":"","footnotes":""},"class_list":["post-1493","page","type-page","status-publish","hentry"],"acf":[],"_links":{"self":[{"href":"https:\/\/www.hotelwestside.com\/it\/wp-json\/wp\/v2\/pages\/1493","targetHints":{"allow":["GET"]}}],"collection":[{"href":"https:\/\/www.hotelwestside.com\/it\/wp-json\/wp\/v2\/pages"}],"about":[{"href":"https:\/\/www.hotelwestside.com\/it\/wp-json\/wp\/v2\/types\/page"}],"author":[{"embeddable":true,"href":"https:\/\/www.hotelwestside.com\/it\/wp-json\/wp\/v2\/users\/2"}],"replies":[{"embeddable":true,"href":"https:\/\/www.hotelwestside.com\/it\/wp-json\/wp\/v2\/comments?post=1493"}],"version-history":[{"count":0,"href":"https:\/\/www.hotelwestside.com\/it\/wp-json\/wp\/v2\/pages\/1493\/revisions"}],"up":[{"embeddable":true,"href":"https:\/\/www.hotelwestside.com\/it\/wp-json\/wp\/v2\/pages\/1449"}],"wp:attachment":[{"href":"https:\/\/www.hotelwestside.com\/it\/wp-json\/wp\/v2\/media?parent=1493"}],"curies":[{"name":"wp","href":"https:\/\/api.w.org\/{rel}","templated":true}]}}