{"id":428,"date":"2013-07-23T07:20:19","date_gmt":"2013-07-23T06:20:19","guid":{"rendered":"http:\/\/hotelwestside.44.io\/paris-arc-de-triomphe\/directions\/"},"modified":"2013-07-29T15:54:04","modified_gmt":"2013-07-29T14:54:04","slug":"localisation-acces","status":"publish","type":"page","link":"https:\/\/www.hotelwestside.com\/fr\/paris-arc-de-triomphe\/localisation-acces\/","title":{"rendered":"Localisation &#038; Acc\u00e8s"},"content":{"rendered":"","protected":false},"excerpt":{"rendered":"","protected":false},"author":2,"featured_media":0,"parent":270,"menu_order":12,"comment_status":"open","ping_status":"open","template":"page-directions.php","meta":{"_acf_changed":false,"_seopress_robots_primary_cat":"","_seopress_titles_title":"Comment se rendre \u00e0 l'Hotel Westside Arc de Triomphe","_seopress_titles_desc":"Les meilleurs moyens d'acc\u00e8s \u00e0 notre h\u00f4tel depuis les gares et les a\u00e9roports parisiens ou en voiture. Stations de m\u00e9tro et de bus proches.","_seopress_robots_index":"","footnotes":""},"class_list":["post-428","page","type-page","status-publish","hentry"],"acf":[],"_links":{"self":[{"href":"https:\/\/www.hotelwestside.com\/fr\/wp-json\/wp\/v2\/pages\/428","targetHints":{"allow":["GET"]}}],"collection":[{"href":"https:\/\/www.hotelwestside.com\/fr\/wp-json\/wp\/v2\/pages"}],"about":[{"href":"https:\/\/www.hotelwestside.com\/fr\/wp-json\/wp\/v2\/types\/page"}],"author":[{"embeddable":true,"href":"https:\/\/www.hotelwestside.com\/fr\/wp-json\/wp\/v2\/users\/2"}],"replies":[{"embeddable":true,"href":"https:\/\/www.hotelwestside.com\/fr\/wp-json\/wp\/v2\/comments?post=428"}],"version-history":[{"count":0,"href":"https:\/\/www.hotelwestside.com\/fr\/wp-json\/wp\/v2\/pages\/428\/revisions"}],"up":[{"embeddable":true,"href":"https:\/\/www.hotelwestside.com\/fr\/wp-json\/wp\/v2\/pages\/270"}],"wp:attachment":[{"href":"https:\/\/www.hotelwestside.com\/fr\/wp-json\/wp\/v2\/media?parent=428"}],"curies":[{"name":"wp","href":"https:\/\/api.w.org\/{rel}","templated":true}]}}