{"id":424,"date":"2013-07-08T22:54:47","date_gmt":"2013-07-08T21:54:47","guid":{"rendered":"http:\/\/hotelwestside.44.io\/paris-arc-de-triomphe\/area\/"},"modified":"2024-10-09T16:43:13","modified_gmt":"2024-10-09T15:43:13","slug":"quartier-17e-arrondissement","status":"publish","type":"page","link":"https:\/\/www.hotelwestside.com\/fr\/paris-arc-de-triomphe\/quartier-17e-arrondissement\/","title":{"rendered":"Le quartier"},"content":{"rendered":"<p>Situ\u00e9\u00a036\u00a0rue Pierre Demours\u00a0dans le 17e arrondissement de Paris, \u00e0 l&rsquo;Ouest de la capitale, l&rsquo;H\u00f4tel Westside b\u00e9n\u00e9ficie d&rsquo;une situation remarquable.\u00a0Proche du Palais des Congr\u00e8s de la\u00a0Porte Maillot et du quartier de La D\u00e9fense, l&rsquo;h\u00f4tel est \u00e0 une dizaine de minutes\u00a0\u00e0 pied de la place de l&rsquo;Etoile, de l&rsquo;Arc de Triomphe et du d\u00e9but des Champs-Elys\u00e9es.<\/p>\n<p>L&rsquo;H\u00f4tel\u00a0est situ\u00e9 dans une rue \u00e0 sens unique, particuli\u00e8rement calme d&rsquo;un quartier marqu\u00e9 par le style haussmannien.<\/p>\n<p>De plus, cette partie du 17eme \u00ab chic \u00bb\u00a0fourmille de bars, de restaurants et de boutiques\u00a0: le quartier est en plein renouveau et propose aujourd&rsquo;hui une tr\u00e8s sympathique ambiance de village.<\/p>\n<p>Le <strong>march\u00e9 Poncelet<\/strong> est un des plus spectaculaires de Paris par la qualit\u00e9 de ses produits et de ses boutiques et par l&rsquo;ambiance authentique et \u00a0provinciale qui continue \u00e0 y r\u00e9gner.<\/p>\n<p>Le<strong><a title=\"Parc Monceau\" href=\"http:\/\/equipement.paris.fr\/parc-monceau-1804\" target=\"_blank\" rel=\"noopener noreferrer\"> Parc Monceau<\/a><\/strong><em> (photo)<\/em>,\u00a0un des plus \u00e9l\u00e9gants jardins parisiens, est \u00e0 une dizaine de minutes \u00e0 peine : les coureurs pourront y trouver un terrain d&rsquo;entrainement insolite, les enfants des aires de jeux et les amateurs de calme un remarquable havre de paix.<\/p>\n<p>De nombreuses destinations de shopping sont toutes proches : la <strong>Fnac Ternes<\/strong> est \u00e0 5 mn \u00e0 peine. De nombreuses marques sont aussi pr\u00e9sentes\u00a0\u00e0 proximit\u00e9\u00a0: <strong>Vuitton, Lancel, Comptoir des Cotonniers, Maje <\/strong>ou encore\u00a0<strong>Eden Park<\/strong>&#8230;<\/p>\n<p><strong>Les restaurants<\/strong> ne manquent pas non plus :\u00a0de la vaste et fameuse\u00a0brasserie <strong><a title=\"Brasserie La Lorraine\" href=\"http:\/\/www.brasserielalorraine.com\/\" target=\"_blank\" rel=\"noopener noreferrer\">La Lorraine<\/a><\/strong> (place des Ternes) aux d\u00e9licieux restaurants italiens de quartier comme <strong>La Famiglia<\/strong>, avenue Niel, en passant par des endroits plus \u00e0 la mode comme <strong><a title=\"Restaurant M\u00f4m\" href=\"http:\/\/www.momparis.fr\" target=\"_blank\" rel=\"noopener noreferrer\">M\u00f4m<\/a><\/strong> tout au bout de la rue Demours.<\/p>\n<p>Les amateurs de fruits de mer d\u00e9nicheront de d\u00e9licieuses huitres\u00a0au\u00a0\u00a0<strong><a title=\"Le bar \u00e0 huitres\" href=\"http:\/\/www.lebarahuitres.com\" target=\"_blank\" rel=\"noopener noreferrer\">Bar \u00e0 Hu\u00eetres<\/a><\/strong> (avenue de Wagram)\u00a0ou encore \u00e0\u00a0<strong><a title=\"L'Huitrier\" href=\"http:\/\/www.huitrier.fr\/\" target=\"_blank\" rel=\"noopener noreferrer\">L\u2019Huitrier<\/a><\/strong> (Rue Saussier Leroy).\u00a0Vous trouverez aussi\u00a0\u00e0 proximit\u00e9 du Westside deux des meilleurs\u00a0restaurants\u00a0de poissons de\u00a0Paris : <strong><a title=\"Restaurant Dessirier\" href=\"http:\/\/www.restaurantdessirier.com\/\" target=\"_blank\" rel=\"noopener noreferrer\">Dessirier<\/a><\/strong> (Place du Mar\u00e9chal Juin)\u00a0et <strong><a title=\"rech\" href=\"http:\/\/www.restaurant-rech.fr\/\" target=\"_blank\" rel=\"noopener noreferrer\">Rech<\/a><\/strong> (Avenue des Ternes).<\/p>\n<p>En moins de trois minutes \u00e0 pied de votre chambre, vous pourrez pousser les portes de <strong><a title=\"Fr\u00e9d\u00e9ric Simonin\" href=\"http:\/\/www.fredericsimonin.com\/accueil.php?lang=Ang\" target=\"_blank\" rel=\"noopener noreferrer\">Fr\u00e9d\u00e9ric Simonin<\/a><\/strong> , 1 \u00e9toile au Michelin ou <strong>Le Rital<\/strong>. Mais\u00a0 il existe naturellement de nombreuses tables \u00e0 des prix plus abordables. Nous recommandons dans cette cat\u00e9gorie <strong><a title=\"marguery\" href=\"http:\/\/www.petitmarguery-rivedroite.com\/\" target=\"_blank\" rel=\"noopener noreferrer\">Au Petit Marguery<\/a><\/strong> (avenue des Ternes), <strong><a title=\"L'hortensia\" href=\"http:\/\/www.restaurant-hortensia.fr\/\" target=\"_blank\" rel=\"noopener noreferrer\">L&rsquo;Hortensia<\/a><\/strong> (place du Mar\u00e9chal Juin), <strong><a title=\"Petrissans\" href=\"http:\/\/www.cavespetrissans.fr\/\" target=\"_blank\" rel=\"noopener noreferrer\">Les Caves Petrissans<\/a><\/strong> (avenue Niel)\u00a0ou encore <strong>l&rsquo;Aligot<\/strong> (avenue Niel), <strong>Schwartz&rsquo;s Deli<\/strong> (avenue Niel). Les amateurs de cuisine orientale se r\u00e9galeront, eux,\u00a0\u00e0 <strong>L\u2019Orchid\u00e9e Tha\u00ef<\/strong> (rue Laugier)\u00a0ou chez\u00a0<strong><a title=\"Madame Ly\" href=\"http:\/\/www.chezly.fr\/\" target=\"_blank\" rel=\"noopener noreferrer\">Chez Ly<\/a><\/strong> (Avenue Niel).<\/p>\n<p>A vos fourchettes\u00a0!<\/p>\n","protected":false},"excerpt":{"rendered":"<p>Situ\u00e9\u00a036\u00a0rue Pierre Demours\u00a0dans le 17e arrondissement de Paris, \u00e0 l&rsquo;Ouest de la capitale, l&rsquo;H\u00f4tel Westside b\u00e9n\u00e9ficie d&rsquo;une situation remarquable.\u00a0Proche du Palais des Congr\u00e8s de la\u00a0Porte Maillot et du quartier de La D\u00e9fense, l&rsquo;h\u00f4tel est \u00e0 une dizaine de minutes\u00a0\u00e0 pied de la place de l&rsquo;Etoile, de l&rsquo;Arc de Triomphe et du d\u00e9but des Champs-Elys\u00e9es. L&rsquo;H\u00f4tel\u00a0est [&hellip;]<\/p>\n","protected":false},"author":2,"featured_media":0,"parent":270,"menu_order":10,"comment_status":"closed","ping_status":"closed","template":"page-sidebar.php","meta":{"_acf_changed":false,"_seopress_robots_primary_cat":"","_seopress_titles_title":"Le quartier de l'Hotel Westside Arc de Triomphe : chic et anim\u00e9","_seopress_titles_desc":"","_seopress_robots_index":"","footnotes":""},"class_list":["post-424","page","type-page","status-publish","hentry"],"acf":[],"_links":{"self":[{"href":"https:\/\/www.hotelwestside.com\/fr\/wp-json\/wp\/v2\/pages\/424","targetHints":{"allow":["GET"]}}],"collection":[{"href":"https:\/\/www.hotelwestside.com\/fr\/wp-json\/wp\/v2\/pages"}],"about":[{"href":"https:\/\/www.hotelwestside.com\/fr\/wp-json\/wp\/v2\/types\/page"}],"author":[{"embeddable":true,"href":"https:\/\/www.hotelwestside.com\/fr\/wp-json\/wp\/v2\/users\/2"}],"replies":[{"embeddable":true,"href":"https:\/\/www.hotelwestside.com\/fr\/wp-json\/wp\/v2\/comments?post=424"}],"version-history":[{"count":0,"href":"https:\/\/www.hotelwestside.com\/fr\/wp-json\/wp\/v2\/pages\/424\/revisions"}],"up":[{"embeddable":true,"href":"https:\/\/www.hotelwestside.com\/fr\/wp-json\/wp\/v2\/pages\/270"}],"wp:attachment":[{"href":"https:\/\/www.hotelwestside.com\/fr\/wp-json\/wp\/v2\/media?parent=424"}],"curies":[{"name":"wp","href":"https:\/\/api.w.org\/{rel}","templated":true}]}}