{"id":420,"date":"2013-07-24T14:41:58","date_gmt":"2013-07-24T13:41:58","guid":{"rendered":"http:\/\/hotelwestside.44.io\/paris-arc-de-triomphe\/prestations\/breakfast\/"},"modified":"2024-10-21T13:33:12","modified_gmt":"2024-10-21T12:33:12","slug":"petit-dejeuner","status":"publish","type":"page","link":"https:\/\/www.hotelwestside.com\/fr\/paris-arc-de-triomphe\/prestations\/petit-dejeuner\/","title":{"rendered":"Petit-d\u00e9jeuner \u00e0 l&rsquo;h\u00f4tel Westside"},"content":{"rendered":"<p>Le petit-d\u00e9jeuner est servi en salle de 7h \u00e0 10h30.<\/p>\n<p>L&rsquo;\u00e9quipe du Westside vous propose trois formules :<\/p>\n<p><strong>1\/ PETIT-DEJEUNER BUFFET<\/strong>\u00a0&#8211; <em>Prix : 16 \u20ac<br \/>\n<\/em><\/p>\n<p><strong>Plats chauds<\/strong><\/p>\n<ul>\n<li>Oeufs brouill\u00e9s<\/li>\n<li>Saucisses<\/li>\n<li>Assortiment de fromages<\/li>\n<li>Charcuterie<\/li>\n<\/ul>\n<p><strong>Boissons <\/strong><\/p>\n<ul>\n<li>Caf\u00e9 noir<\/li>\n<li>Caf\u00e9 au lait<\/li>\n<li>Assortiment de th\u00e9s<\/li>\n<li>Chocolat chaud ou froid<\/li>\n<li>Lait chaud ou froid<\/li>\n<\/ul>\n<p><strong>Fruits et laitages<\/strong><\/p>\n<ul>\n<li>Jus de fruit frais<\/li>\n<li>Salade de fruits frais<\/li>\n<li>Compotes de fruits<\/li>\n<li>Yaourts aux fruits ou nature<\/li>\n<\/ul>\n<p><strong>Gourmandises<\/strong><\/p>\n<ul>\n<li>Croissant<\/li>\n<li>Pain au chocolat<\/li>\n<li>Pain aux raisins<\/li>\n<li>Brioche<\/li>\n<li>Toasts<\/li>\n<li>Baguette<\/li>\n<\/ul>\n<p>Assortiment de beurre, confitures, miel et sirop d\u2019\u00e9rable<\/p>\n<p>Le petit-d\u00e9jeuner est servi en salle de 7h \u00e0 10h30.<\/p>\n<hr \/>\n<p><strong>2\/ PETIT DEJEUNER \u00ab\u00a0Sur le pouce\u00a0\u00bb EN SALLE<br \/>\n<\/strong><\/p>\n<ul>\n<li>Caf\u00e9 ou th\u00e9<\/li>\n<li>Verre de jus de fruit frais (Orange ou pamplemousse)<\/li>\n<li>1 viennoiserie au choix<\/li>\n<\/ul>\n<p><em>Tarif : 5 \u20ac (+ 5 \u20ac en chambre)<\/em><\/p>\n<hr \/>\n<p><strong>3\/ PETIT DEJEUNER EN CHAMBRE &#8211;<\/strong>\u00a0 <em>Prix : 20 \u20ac\u00a0 &#8211; A commander aupr\u00e8s de la r\u00e9ception &gt; 9<\/em><\/p>\n<p>Petit-d\u00e9jeuner continental : petit pain, croissant, pain au chocolat, brioche, beurre, confiture et miel<br \/>\nBoisson chaude (caf\u00e9, th\u00e9 ou chocolat) et jus de fruit (orange ou pamplemousse)<\/p>\n","protected":false},"excerpt":{"rendered":"<p>Le petit-d\u00e9jeuner est servi en salle de 7h \u00e0 10h30. L&rsquo;\u00e9quipe du Westside vous propose trois formules : 1\/ PETIT-DEJEUNER BUFFET\u00a0&#8211; Prix : 16 \u20ac Plats chauds Oeufs brouill\u00e9s Saucisses Assortiment de fromages Charcuterie Boissons Caf\u00e9 noir Caf\u00e9 au lait Assortiment de th\u00e9s Chocolat chaud ou froid Lait chaud ou froid Fruits et laitages Jus [&hellip;]<\/p>\n","protected":false},"author":2,"featured_media":0,"parent":411,"menu_order":3,"comment_status":"closed","ping_status":"closed","template":"page-sidebar.php","meta":{"_acf_changed":false,"_seopress_robots_primary_cat":"","_seopress_titles_title":"Petit d\u00e9jeuner buffet dans un hotel parisien - Hotel Westside","_seopress_titles_desc":"D\u00e9couvrez notre petit-d\u00e9jeuner complet pour 14 \u20ac : plats chauds et froids, jus de fruit frais, salade de fruits, viennoiseries. Arc de Triomphe \/ Ternes","_seopress_robots_index":"","footnotes":""},"class_list":["post-420","page","type-page","status-publish","hentry"],"acf":[],"_links":{"self":[{"href":"https:\/\/www.hotelwestside.com\/fr\/wp-json\/wp\/v2\/pages\/420","targetHints":{"allow":["GET"]}}],"collection":[{"href":"https:\/\/www.hotelwestside.com\/fr\/wp-json\/wp\/v2\/pages"}],"about":[{"href":"https:\/\/www.hotelwestside.com\/fr\/wp-json\/wp\/v2\/types\/page"}],"author":[{"embeddable":true,"href":"https:\/\/www.hotelwestside.com\/fr\/wp-json\/wp\/v2\/users\/2"}],"replies":[{"embeddable":true,"href":"https:\/\/www.hotelwestside.com\/fr\/wp-json\/wp\/v2\/comments?post=420"}],"version-history":[{"count":0,"href":"https:\/\/www.hotelwestside.com\/fr\/wp-json\/wp\/v2\/pages\/420\/revisions"}],"up":[{"embeddable":true,"href":"https:\/\/www.hotelwestside.com\/fr\/wp-json\/wp\/v2\/pages\/411"}],"wp:attachment":[{"href":"https:\/\/www.hotelwestside.com\/fr\/wp-json\/wp\/v2\/media?parent=420"}],"curies":[{"name":"wp","href":"https:\/\/api.w.org\/{rel}","templated":true}]}}