{"id":415,"date":"2013-07-13T21:25:34","date_gmt":"2013-07-13T20:25:34","guid":{"rendered":"http:\/\/hotelwestside.44.io\/paris-arc-de-triomphe\/prestations\/pool-sauna\/"},"modified":"2024-10-11T13:15:30","modified_gmt":"2024-10-11T12:15:30","slug":"piscine-sauna","status":"publish","type":"page","link":"https:\/\/www.hotelwestside.com\/fr\/paris-arc-de-triomphe\/prestations\/piscine-sauna\/","title":{"rendered":"Piscine &#038; Sauna"},"content":{"rendered":"<p style=\"text-align: left;\">Le plus de l&rsquo;Hotel Westside : une petite (5.80 m x 2.40 m) mais charmante piscine et un sauna, le tout gratuit, situ\u00e9 dans notre espace d\u00e9tente au sous-sol de l&rsquo;h\u00f4tel : id\u00e9al pour se d\u00e9tendre apr\u00e8s une journ\u00e9e de travail ou de visites.<\/p>\n<p>Horaires : la piscine et le sauna sont ouverts tous les jours de <strong>9h30 \u00e0 21h30 <\/strong>(derni\u00e8re r\u00e9servation \u00e0 20h30).<\/p>\n<p>Pour profiter de cet espace, la <strong>r\u00e9servation est obligatoire<\/strong> aupr\u00e8s de la r\u00e9ception pour des <strong>sessions de 45 minutes<\/strong> et deux personnes maximum.<\/p>\n<p>La temp\u00e9rature de la piscine est \u00e0 27<strong>\u00b0<\/strong>.<\/p>\n<p><strong>Le sauna est activ\u00e9 sur demande <\/strong>lors de la r\u00e9servation. En cas de r\u00e9servation de derni\u00e8re minute, le sauna sera pr\u00eat et \u00e0 temp\u00e9rature 20 minutes apr\u00e8s votre appel.<\/p>\n<p><strong>R\u00e8gles piscine<\/strong><\/p>\n<ul>\n<li><strong>R\u00e9servation<\/strong> obligatoire<\/li>\n<li><strong>Douche obligatoire<\/strong> avant de rentrer dans le bassin<\/li>\n<li><strong>Jeux de piscine <\/strong>interdits<\/li>\n<li>Interdit aux<strong> mineurs <\/strong>non accompagn\u00e9s<strong><br \/>\n<\/strong><\/li>\n<li><strong>Aucune nourriture<\/strong> ni boissons (eau disponible dans l\u2019espace)<\/li>\n<\/ul>\n<p><strong>Conseils Sauna<\/strong><\/p>\n<ul>\n<li>Faites des s\u00e9ries de <strong>s\u00e9ances courtes<\/strong><\/li>\n<li><strong>Ne pas verser de liquide<\/strong> sur le foyer : risque d&rsquo;incendie<\/li>\n<li><strong>Alternez<\/strong> piscine et sauna<\/li>\n<li><strong>Ne pas consommer de boissons alcoolis\u00e9es<\/strong> pendant une s\u00e9ance de sauna : risques pour votre sant\u00e9<\/li>\n<\/ul>\n","protected":false},"excerpt":{"rendered":"<p>Le plus de l&rsquo;Hotel Westside : une petite (5.80 m x 2.40 m) mais charmante piscine et un sauna, le tout gratuit, situ\u00e9 dans notre espace d\u00e9tente au sous-sol de l&rsquo;h\u00f4tel : id\u00e9al pour se d\u00e9tendre apr\u00e8s une journ\u00e9e de travail ou de visites. Horaires : la piscine et le sauna sont ouverts tous les [&hellip;]<\/p>\n","protected":false},"author":2,"featured_media":0,"parent":411,"menu_order":1,"comment_status":"closed","ping_status":"closed","template":"page-sidebar.php","meta":{"_acf_changed":false,"_seopress_robots_primary_cat":"","_seopress_titles_title":"Hotel avec piscine \u00e0 Paris - Sauna - Westside Hotel","_seopress_titles_desc":"L'espace relaxation de l'Hotel Westside propose une petite piscine (5.80 m x 2.40 m) \u00e0 31\u00b0 et un sauna gratuits \u00e0 10 mn de la place de l'Etoile.","_seopress_robots_index":"","footnotes":""},"class_list":["post-415","page","type-page","status-publish","hentry"],"acf":[],"_links":{"self":[{"href":"https:\/\/www.hotelwestside.com\/fr\/wp-json\/wp\/v2\/pages\/415","targetHints":{"allow":["GET"]}}],"collection":[{"href":"https:\/\/www.hotelwestside.com\/fr\/wp-json\/wp\/v2\/pages"}],"about":[{"href":"https:\/\/www.hotelwestside.com\/fr\/wp-json\/wp\/v2\/types\/page"}],"author":[{"embeddable":true,"href":"https:\/\/www.hotelwestside.com\/fr\/wp-json\/wp\/v2\/users\/2"}],"replies":[{"embeddable":true,"href":"https:\/\/www.hotelwestside.com\/fr\/wp-json\/wp\/v2\/comments?post=415"}],"version-history":[{"count":0,"href":"https:\/\/www.hotelwestside.com\/fr\/wp-json\/wp\/v2\/pages\/415\/revisions"}],"up":[{"embeddable":true,"href":"https:\/\/www.hotelwestside.com\/fr\/wp-json\/wp\/v2\/pages\/411"}],"wp:attachment":[{"href":"https:\/\/www.hotelwestside.com\/fr\/wp-json\/wp\/v2\/media?parent=415"}],"curies":[{"name":"wp","href":"https:\/\/api.w.org\/{rel}","templated":true}]}}