{"id":411,"date":"2013-07-08T22:54:27","date_gmt":"2013-07-08T21:54:27","guid":{"rendered":"http:\/\/hotelwestside.44.io\/paris-arc-de-triomphe\/facilities\/"},"modified":"2024-10-09T16:40:20","modified_gmt":"2024-10-09T15:40:20","slug":"prestations","status":"publish","type":"page","link":"https:\/\/www.hotelwestside.com\/fr\/paris-arc-de-triomphe\/prestations\/","title":{"rendered":"Nos prestations"},"content":{"rendered":"<ul>\n<li><a title=\"Petit-d\u00e9jeuner \u00e0 l\u2019h\u00f4tel Westside\" href=\"http:\/\/hotelwestside.com\/fr\/paris-arc-de-triomphe\/prestations\/petit-dejeuner\/\">Petit-d\u00e9jeuner<\/a> : de 7h \u00e0 10h30.<br \/>\nBuffet petit-d\u00e9jeuner (en salle) : 14 \u20ac \/ Petit-d\u00e9jeuner continental en chambre : 17 \u20ac\u00a0 <a title=\"Petit-d\u00e9jeuner \u00e0 l\u2019h\u00f4tel Westside\" href=\"http:\/\/hotelwestside.com\/fr\/paris-arc-de-triomphe\/prestations\/petit-dejeuner\/\">En savoir plus<\/a><\/li>\n<li>R\u00e9ception ouverte 24h sur 24<\/li>\n<li>Billetterie et Bureau d\u2019excursion : si vous souhaitez r\u00e9server un restaurant, organiser des visites au mus\u00e9e, obtenir des billets pour des spectacles ou des tickets pour des voyages en bus ou en bateaux-mouches ou si vous souhaitez simplement un renseignement sur un \u00e9v\u00e9nement ayant lieu en r\u00e9gion parisienne,\u00a0l&rsquo;\u00e9quipe de la R\u00e9ception se fera\u00a0un plaisir de vous aider.<\/li>\n<li><a title=\"Piscine &amp; Sauna\" href=\"http:\/\/hotelwestside.com\/fr\/paris-arc-de-triomphe\/prestations\/piscine-sauna\/\">Piscine, Sauna <\/a>: ouvert de 9h30 \u00e0 21h30 <a title=\"Piscine &amp; Sauna\" href=\"http:\/\/hotelwestside.com\/fr\/paris-arc-de-triomphe\/prestations\/piscine-sauna\/\">En savoir plus<\/a><\/li>\n<li>Salle de r\u00e9union\u00a0: le Westside Arc de Triomphe met \u00e0 disposition de ses clients une salle privative d&rsquo;une superficie de 40 m\u00b2 pouvant accueillir jusqu&rsquo;\u00e0 15 personnes selon la configuration choisie. Salle disponible \u00e0 partir de 11h00, tarif sur devis<\/li>\n<li>Bar (14h \u00e0 minuit)<\/li>\n<li>Room Service (de 17h \u00e0 1h30, compter 45 mn d&rsquo;attente)<\/li>\n<li>Wi-Fi gratuit<\/li>\n<li>Business Center : \u00e0 votre disposition en permanence dans le salon-bar (iMac)<\/li>\n<li>Fax (suppl\u00e9ment)<\/li>\n<li>Journaux<\/li>\n<li>Ascenseur<\/li>\n<li>Bagagerie<\/li>\n<li>Pressing\/nettoyage \u00e0 sec : commandez avant 10h00 le nettoyage de vos v\u00eatements, ils vous seront rendus sous 24h.<\/li>\n<li>Babysitting : besoin de sortir sans votre enfant\u00a0? Vous pouvez b\u00e9n\u00e9ficier d&rsquo;un service de baby-sitting sur demande \u00e0 la r\u00e9ception de l&rsquo;h\u00f4tel. Ce service est disponible 7J\/7 et 24H\/24.<\/li>\n<li>Massage &amp; soins de beaut\u00e9:\u00a0 Envie de vous d\u00e9tendre\u00a0? En partenariat avec le salon SPA GEMOLOGY situ\u00e9 \u00e0 5 minutes \u00e0 pied de l\u2019h\u00f4tel Westside, choisissez parmi les diff\u00e9rents soins (visage, corps, \u00e9pilation\u2026) celui qu\u2019il vous faut. Prestations \u00e0 effectuer au salon, 6 rue Pierre Demours. R\u00e9servation obligatoire aupr\u00e8s de la r\u00e9ception. Service selon disponibilit\u00e9s, tarifs disponibles en r\u00e9ception.<\/li>\n<li>A votre disposition \u00e0 la R\u00e9ception : Brochures touristiques &amp; carte de Paris, Adaptateurs \u00e9lectriques, Produits pour les b\u00e9b\u00e9s (matelas \u00e0 changer, chaise haute&#8230;), Maillots de bain femme ou homme (\u00e0 vendre), Tablette, PC portable et imprimante, Planches et fers \u00e0 repasser \u00a0(port\u00e9s en chambre), Produits d&rsquo;accueil (brosses \u00e0 dents, dentifrice, peignes &amp; brosses, serviettes hygi\u00e9niques&#8230;), N\u00e9cessaire \u00e0 pharmacie, trousse de secours&#8230;<\/li>\n<li>Toutes nos chambres sont strictement non fumeurs et comprennent notamment\u00a0:\u00a0un coffre-fort, air conditionn\u00e9 et chauffage individuels, t\u00e9l\u00e9visions LED<strong>\u00a0<\/strong>(53 chaines fran\u00e7aises et internationales, Plateau de courtoisie avec th\u00e9 et caf\u00e9, station iPod, Peignoir et chaussons, Bouilloire\/Th\u00e9\/Caf\u00e9, Minibar, Produits de toilette Pascal Morabito&#8230;<\/li>\n<\/ul>\n<p><strong>A SAVOIR <\/strong><\/p>\n<ul>\n<li>Check in :\u00a0\u00e0 partir de 15h\u00a0\/ Check out : avant midi<\/li>\n<li>Cartes de cr\u00e9dit accept\u00e9es par l&rsquo;h\u00f4tel : American Express, Visa, Euro\/Mastercard, Carte Bleue<br \/>\nNB : l&rsquo;h\u00f4tel se r\u00e9serve le droit de v\u00e9rifier la validit\u00e9 des cartes avant l&rsquo;arriv\u00e9e.<\/li>\n<li>Langues parl\u00e9es par l&rsquo;\u00e9quipe\u00a0: anglais, fran\u00e7ais, espagnol<\/li>\n<li>Hotel 4 \u00e9toiles<\/li>\n<li>44\u00a0chambres : <a title=\"Chambre Double Deluxe\" href=\"http:\/\/hotelwestside.com\/fr\/paris-arc-de-triomphe\/chambre-double-deluxe\/\">Chambres doubles Deluxe<\/a>, <a title=\"Chambre double sup\u00e9rieure\" href=\"http:\/\/hotelwestside.com\/fr\/paris-arc-de-triomphe\/chambre-double-superieure\/\">Chambres doubles sup\u00e9rieures<\/a>, <a title=\"Chambre double classique\" href=\"http:\/\/hotelwestside.com\/fr\/paris-arc-de-triomphe\/chambre-double-classique\/\">Chambres doubles classiques<\/a>, <a title=\"Chambre simple\" href=\"http:\/\/hotelwestside.com\/fr\/paris-arc-de-triomphe\/chambre-simple\/\">Chambres sup\u00e9rieures twin\u00a0avec\u00a0deux lits <\/a>(90 cm x 2)<\/li>\n<li><strong>Accessibilit\u00e9<\/strong> L\u2019h\u00f4tel, de construction ancienne, n\u2019est malheureusement pas en capacit\u00e9 d\u2019accueillir des personnes \u00e0 mobilit\u00e9 r\u00e9duite : notre ascenseur est trop exigu pour contenir un fauteuil. Sur demande, la r\u00e9ception peut vous indiquer les h\u00f4tels du quartier adapt\u00e9s. Nous avons toutefois deux chambres adapt\u00e9es aux personnes d\u00e9ficientes visuelles.<\/li>\n<\/ul>\n","protected":false},"excerpt":{"rendered":"<p>Petit-d\u00e9jeuner : de 7h \u00e0 10h30. Buffet petit-d\u00e9jeuner (en salle) : 14 \u20ac \/ Petit-d\u00e9jeuner continental en chambre : 17 \u20ac\u00a0 En savoir plus R\u00e9ception ouverte 24h sur 24 Billetterie et Bureau d\u2019excursion : si vous souhaitez r\u00e9server un restaurant, organiser des visites au mus\u00e9e, obtenir des billets pour des spectacles ou des tickets pour [&hellip;]<\/p>\n","protected":false},"author":2,"featured_media":0,"parent":270,"menu_order":9,"comment_status":"closed","ping_status":"closed","template":"page-sidebar.php","meta":{"_acf_changed":false,"_seopress_robots_primary_cat":"","_seopress_titles_title":"Wifi gratuit \u00e0 Paris \u00e0 l'Hotel Westside et toutes nos prestations","_seopress_titles_desc":"R\u00e9ception 24h sur 24, Piscine et sauna, BeIn Sport\/Cartoon Network, Bureau d'excursion, Robe de chambre et chaussons, Bar... Prestations compl\u00e8tes.","_seopress_robots_index":"","footnotes":""},"class_list":["post-411","page","type-page","status-publish","hentry"],"acf":[],"_links":{"self":[{"href":"https:\/\/www.hotelwestside.com\/fr\/wp-json\/wp\/v2\/pages\/411","targetHints":{"allow":["GET"]}}],"collection":[{"href":"https:\/\/www.hotelwestside.com\/fr\/wp-json\/wp\/v2\/pages"}],"about":[{"href":"https:\/\/www.hotelwestside.com\/fr\/wp-json\/wp\/v2\/types\/page"}],"author":[{"embeddable":true,"href":"https:\/\/www.hotelwestside.com\/fr\/wp-json\/wp\/v2\/users\/2"}],"replies":[{"embeddable":true,"href":"https:\/\/www.hotelwestside.com\/fr\/wp-json\/wp\/v2\/comments?post=411"}],"version-history":[{"count":0,"href":"https:\/\/www.hotelwestside.com\/fr\/wp-json\/wp\/v2\/pages\/411\/revisions"}],"up":[{"embeddable":true,"href":"https:\/\/www.hotelwestside.com\/fr\/wp-json\/wp\/v2\/pages\/270"}],"wp:attachment":[{"href":"https:\/\/www.hotelwestside.com\/fr\/wp-json\/wp\/v2\/media?parent=411"}],"curies":[{"name":"wp","href":"https:\/\/api.w.org\/{rel}","templated":true}]}}