{"id":396,"date":"2013-07-08T22:53:03","date_gmt":"2013-07-08T21:53:03","guid":{"rendered":"http:\/\/hotelwestside.44.io\/paris-arc-de-triomphe\/superior-double-room\/"},"modified":"2024-10-24T15:13:01","modified_gmt":"2024-10-24T14:13:01","slug":"chambre-double-superieure","status":"publish","type":"page","link":"https:\/\/www.hotelwestside.com\/fr\/paris-arc-de-triomphe\/chambre-double-superieure\/","title":{"rendered":"Chambre double sup\u00e9rieure"},"content":{"rendered":"<p>Nos quinze chambres doubles sup\u00e9rieures sont d\u00e9cor\u00e9es dans un style contemporain et fonctionnel qui fait une large part au bois. Elles comprennent notamment un grand bureau de travail. 6 de ces chambres sont disponibles en configuration \u00ab\u00a0twin\u00a0\u00bb (deux lits simples accol\u00e9s). Les chambres de type \u00ab\u00a001\u00a0\u00bb et \u00ab\u00a002\u00a0\u00bb donnent sur l&rsquo;Ouest et la rue Pierre Demours et sont, de ce fait, tr\u00e8s lumineuses. Les chambres sup\u00e9rieures de type \u00ab\u00a006\u00a0\u00bb sont, elles, particuli\u00e8rement calmes.<\/p>\n<p>Toutes nos chambres sont strictement non-fumeurs et proposent le meilleur de nos prestations : nouvelles TV LED (53 chaines), t\u00e9l\u00e9phone,coffre-fort, climatisation individuelle, chauffage individuel, baignoire, s\u00e8che-cheveux, peignoir(s), chaussons, bouilloire\/th\u00e9\/caf\u00e9, mini-bar, room service, service de r\u00e9veil.<\/p>\n","protected":false},"excerpt":{"rendered":"<p>Nos quinze chambres doubles sup\u00e9rieures sont d\u00e9cor\u00e9es dans un style contemporain et fonctionnel qui fait une large part au bois. Elles comprennent notamment un grand bureau de travail. 6 de ces chambres sont disponibles en configuration \u00ab\u00a0twin\u00a0\u00bb (deux lits simples accol\u00e9s). Les chambres de type \u00ab\u00a001\u00a0\u00bb et \u00ab\u00a002\u00a0\u00bb donnent sur l&rsquo;Ouest et la rue Pierre [&hellip;]<\/p>\n","protected":false},"author":2,"featured_media":0,"parent":270,"menu_order":4,"comment_status":"closed","ping_status":"closed","template":"page-chambre-sidebar.php","meta":{"_acf_changed":false,"_seopress_robots_primary_cat":"","_seopress_titles_title":"Lits jumeaux \u00e0 Paris \u00e0 l'Hotel Westside Arc de Triomphe","_seopress_titles_desc":"Plusieurs de nos chambres doubles sup\u00e9rieures proposent des lits jumleuax. Consultez notre \u00e9quipe sur leur disponibilit\u00e9 et sur leurs prix.","_seopress_robots_index":"","footnotes":""},"class_list":["post-396","page","type-page","status-publish","hentry"],"acf":[],"_links":{"self":[{"href":"https:\/\/www.hotelwestside.com\/fr\/wp-json\/wp\/v2\/pages\/396","targetHints":{"allow":["GET"]}}],"collection":[{"href":"https:\/\/www.hotelwestside.com\/fr\/wp-json\/wp\/v2\/pages"}],"about":[{"href":"https:\/\/www.hotelwestside.com\/fr\/wp-json\/wp\/v2\/types\/page"}],"author":[{"embeddable":true,"href":"https:\/\/www.hotelwestside.com\/fr\/wp-json\/wp\/v2\/users\/2"}],"replies":[{"embeddable":true,"href":"https:\/\/www.hotelwestside.com\/fr\/wp-json\/wp\/v2\/comments?post=396"}],"version-history":[{"count":0,"href":"https:\/\/www.hotelwestside.com\/fr\/wp-json\/wp\/v2\/pages\/396\/revisions"}],"up":[{"embeddable":true,"href":"https:\/\/www.hotelwestside.com\/fr\/wp-json\/wp\/v2\/pages\/270"}],"wp:attachment":[{"href":"https:\/\/www.hotelwestside.com\/fr\/wp-json\/wp\/v2\/media?parent=396"}],"curies":[{"name":"wp","href":"https:\/\/api.w.org\/{rel}","templated":true}]}}