{"id":290,"date":"2013-07-08T22:54:03","date_gmt":"2013-07-08T21:54:03","guid":{"rendered":"http:\/\/hotelwestside.44.io\/paris-arc-de-triomphe\/deluxe-double-room\/"},"modified":"2024-10-29T14:34:42","modified_gmt":"2024-10-29T13:34:42","slug":"chambre-double-deluxe","status":"publish","type":"page","link":"https:\/\/www.hotelwestside.com\/fr\/paris-arc-de-triomphe\/chambre-double-deluxe\/","title":{"rendered":"Chambre Double Deluxe"},"content":{"rendered":"<p>Nos trois chambres doubles Deluxe sont d\u00e9cor\u00e9es dans un style contemporain et fonctionnel qui fait une large part au bois. Elles ont toutes un balcon privatif ou une terrasse et celles qui se trouvent aux 6\u00e8me et 8\u00e8me \u00e9tages de l&rsquo;h\u00f4tel offrent des vues, sans vis-\u00e0-vis, sur les toits de Paris environnants. Elles sont particuli\u00e8rement claires et lumineuses. Merci de noter que notre ascenseur s&rsquo;arr\u00eate au 7\u00e8me \u00e9tage et que nos clients doivent monter un \u00e9tage \u00e0 pied pour acc\u00e9der aux chambres situ\u00e9es au 8\u00e8me. Notre \u00e9quipe est naturellement \u00e0 votre disposition pour prendre en charge vos bagages.<br \/>\nToutes ces chambres sont strictement non-fumeurs et proposent le meilleur de nos prestations : t\u00e9l\u00e9vision LED (53 chaines), t\u00e9l\u00e9phone, mini-bar, room service, bouilloire\/th\u00e9\/caf\u00e9, coffre-fort, climatisation individuelle, chauffage individuel, baignoire, s\u00e8che-cheveux, peignoir(s), chaussons, service de r\u00e9veil.<\/p>\n","protected":false},"excerpt":{"rendered":"<p>Nos trois chambres doubles Deluxe sont d\u00e9cor\u00e9es dans un style contemporain et fonctionnel qui fait une large part au bois. Elles ont toutes un balcon privatif ou une terrasse et celles qui se trouvent aux 6\u00e8me et 8\u00e8me \u00e9tages de l&rsquo;h\u00f4tel offrent des vues, sans vis-\u00e0-vis, sur les toits de Paris environnants. Elles sont particuli\u00e8rement [&hellip;]<\/p>\n","protected":false},"author":2,"featured_media":0,"parent":270,"menu_order":3,"comment_status":"closed","ping_status":"closed","template":"page-chambre-sidebar.php","meta":{"_acf_changed":false,"_seopress_robots_primary_cat":"","_seopress_titles_title":"Chambre avec vue \u00e0 Paris - Hotel Westside Arc de Triomphe","_seopress_titles_desc":"Nos meilleures chambres ont un balcon ou une terrasse et certaines d'entre elles ont une vue d\u00e9gag\u00e9e sur les toits de Paris. Contactez-nous !","_seopress_robots_index":"","footnotes":""},"class_list":["post-290","page","type-page","status-publish","hentry"],"acf":[],"_links":{"self":[{"href":"https:\/\/www.hotelwestside.com\/fr\/wp-json\/wp\/v2\/pages\/290","targetHints":{"allow":["GET"]}}],"collection":[{"href":"https:\/\/www.hotelwestside.com\/fr\/wp-json\/wp\/v2\/pages"}],"about":[{"href":"https:\/\/www.hotelwestside.com\/fr\/wp-json\/wp\/v2\/types\/page"}],"author":[{"embeddable":true,"href":"https:\/\/www.hotelwestside.com\/fr\/wp-json\/wp\/v2\/users\/2"}],"replies":[{"embeddable":true,"href":"https:\/\/www.hotelwestside.com\/fr\/wp-json\/wp\/v2\/comments?post=290"}],"version-history":[{"count":0,"href":"https:\/\/www.hotelwestside.com\/fr\/wp-json\/wp\/v2\/pages\/290\/revisions"}],"up":[{"embeddable":true,"href":"https:\/\/www.hotelwestside.com\/fr\/wp-json\/wp\/v2\/pages\/270"}],"wp:attachment":[{"href":"https:\/\/www.hotelwestside.com\/fr\/wp-json\/wp\/v2\/media?parent=290"}],"curies":[{"name":"wp","href":"https:\/\/api.w.org\/{rel}","templated":true}]}}