{"id":270,"date":"2013-07-22T10:42:02","date_gmt":"2013-07-22T09:42:02","guid":{"rendered":"http:\/\/hotelwestside.44.io\/paris-arc-de-triomphe-2\/"},"modified":"2024-10-21T13:43:33","modified_gmt":"2024-10-21T12:43:33","slug":"paris-arc-de-triomphe","status":"publish","type":"page","link":"https:\/\/www.hotelwestside.com\/fr\/paris-arc-de-triomphe\/","title":{"rendered":"Bienvenue \u00e0 l&rsquo;H\u00f4tel Westside Arc de Triomphe"},"content":{"rendered":"<p>D\u00e9couvrez un 4 \u00e9toiles parisien \u00e0 taille humaine. Situ\u00e9 dans une rue calme d\u2019un des meilleurs quartiers de Paris, le Westside Arc de Triomphe (anciennement Waldorf Arc de Triomphe) est r\u00e9put\u00e9 pour la qualit\u00e9 de son accueil, la convivialit\u00e9 de son \u00e9quipe et son ambiance \u00ab cosy \u00bb. Id\u00e9al pour les d\u00e9placements professionnels\u00a0(wifi gratuit, bureau en chambre, localisation), il est aussi un point de d\u00e9part parfait pour la d\u00e9couverte de la capitale. Son secret ? Il cache dans son sous-sol une petite (5,80 m x 2,40 m) et charmante piscine et un sauna : parfait pour se d\u00e9tendre apr\u00e8s une journ\u00e9e de visites ou de rendez-vous avant d\u2019aller d\u00eener dans un des multiples restaurants de ce quartier anim\u00e9 du 17\u00e8me arrondissement.<\/p>\n<p>L&rsquo;\u00e9quipe de la R\u00e9ception vous propose un service de conciergerie et peut vous servir de bureau d&rsquo;excursion.\u00a0Plusieurs stations de m\u00e9tro se trouvent \u00e0\u00a0500 m\u00e8tres de l&rsquo;h\u00f4tel, un arr\u00eat de bus et une station de taxis sont \u00e0 moins de 50 m\u00e8tres. L&rsquo;Arc de Triomphe\u00a0et\u00a0le d\u00e9but des\u00a0Champs Elys\u00e9es sont \u00e0 12 minutes \u00e0 pied de l&rsquo;h\u00f4tel.\u00a0Le Palais de Congr\u00e8s de la Porte Maillot \u00e0 moins d&rsquo;un kilom\u00e8tre.<a title=\"Directions\" href=\"http:\/\/hotelwestside.44.io\/fr\/paris-arc-de-triomphe\/localisation-acces\/\"> Voir la page Localisation &amp; Acc\u00e8s<\/a><\/p>\n<p><strong>A SAVOIR <\/strong><\/p>\n<ul>\n<li>Check in : \u00e0 partir de 15h \/ Check out : avant 12h.<\/li>\n<li>Cartes de cr\u00e9dit accept\u00e9es par l&rsquo;H\u00f4tel : American Express, Visa, Euro\/Mastercard, Carte Bleue, JCB NB : L&rsquo;Hotel se r\u00e9serve le droit de v\u00e9rifier la validit\u00e9 des cartes avant l&rsquo;arriv\u00e9e.<\/li>\n<li>Langues parl\u00e9es par l&rsquo;\u00e9quipe : anglais, fran\u00e7ais, espagnol<\/li>\n<li>Hotel 4 \u00e9toiles<\/li>\n<li>44 chambres : <a href=\"https:\/\/www.hotelwestside.com\/fr\/paris-arc-de-triomphe\/chambre-double-deluxe\/\">Chambres doubles Deluxe<\/a>, <a href=\"https:\/\/www.hotelwestside.com\/fr\/paris-arc-de-triomphe\/chambre-double-superieure\/\">Chambres doubles sup\u00e9rieures<\/a>, <a href=\"https:\/\/www.hotelwestside.com\/fr\/paris-arc-de-triomphe\/chambre-double-classique\/\">Chambres simples classiques<\/a> (90 cm x 2)<\/li>\n<li>R\u00e9ception 24h sur 24, Bureau d&rsquo;excursions,\u00a0Billeterie, Conciergerie<\/li>\n<li>Bassin de nage\u00a0int\u00e9rieur (5,80 m x 2,40 m), Sauna<\/li>\n<li>Bar, Minibar, Room Service (17h \u00e0 1h30), Petit-d\u00e9jeuner en salle et en chambre<\/li>\n<li>Wi-Fi gratuit, TV LED (53 chaines), Fax\/Photocopieur, Dock iPod<\/li>\n<li>Business Center (iMac), Journaux<\/li>\n<li>Ascenseur, Bagagerie<\/li>\n<li>Pressing, nettoyage<\/li>\n<li>Plateau de courtoisie (th\u00e9\/caf\u00e9), Coffre-fort, Chauffage et\u00a0Air conditionn\u00e9 en chambres<\/li>\n<li>L&rsquo;h\u00f4tel, de construction ancienne,\u00a0n&rsquo;est malheureusement pas en capacit\u00e9 d&rsquo;accueillir des personnes \u00e0 mobilit\u00e9 r\u00e9duite : notre ascenseur est trop exigu pour contenir un fauteuil. Sur demande, la r\u00e9ception peut vous indiquer les h\u00f4tels du quartier adapt\u00e9s.<\/li>\n<li>Strictement non-fumeur<\/li>\n<\/ul>\n<p><strong>SE RENDRE A L&rsquo;HOTEL<\/strong><\/p>\n<p><strong>M\u00e9tro<\/strong><\/p>\n<ul>\n<li>Ligne 1,\u00a0arr\u00eat Ch. de Gaulle \u2013 Etoile (12 mn \u00e0 pied)<\/li>\n<li>Ligne 2,\u00a0arr\u00eat Ternes (7 mn)<\/li>\n<li>Ligne 3, arr\u00eat P\u00e9reire (6 mn)<\/li>\n<li>RER C, arr\u00eat P\u00e9reire (9 mn)<\/li>\n<li>RER A, arr\u00eat Charles de Gaulle \u2013 Etoile (12 mn)<\/li>\n<\/ul>\n<p><strong>Bus<\/strong><\/p>\n<ul>\n<li>Bus 92, 93, arr\u00eat Pierre Demours (1 mn)<\/li>\n<li>Bus 43, arr\u00eat Eglise Saint-Ferdinand (6 mn)<\/li>\n<\/ul>\n<p><strong>Parking<\/strong><\/p>\n<p>38, avenue des Ternes, Paris 17\u00e8me (5 mn). 38 \u20ac par jour.<\/p>\n<p><a title=\"Directions\" href=\"http:\/\/hotelwestside.44.io\/paris-arc-de-triomphe\/directions\/\">Localisation &amp; Acc\u00e8s<\/a><\/p>\n","protected":false},"excerpt":{"rendered":"<p>D\u00e9couvrez un 4 \u00e9toiles parisien \u00e0 taille humaine. Situ\u00e9 dans une rue calme d\u2019un des meilleurs quartiers de Paris, le Westside Arc de Triomphe (anciennement Waldorf Arc de Triomphe) est r\u00e9put\u00e9 pour la qualit\u00e9 de son accueil, la convivialit\u00e9 de son \u00e9quipe et son ambiance \u00ab cosy \u00bb. Id\u00e9al pour les d\u00e9placements professionnels\u00a0(wifi gratuit, bureau [&hellip;]<\/p>\n","protected":false},"author":2,"featured_media":0,"parent":0,"menu_order":5,"comment_status":"closed","ping_status":"closed","template":"page-sidebar.php","meta":{"_acf_changed":false,"_seopress_robots_primary_cat":"","_seopress_titles_title":"Hotel pr\u00e8s de la place de l'Etoile et de l'Arc de Triomphe - Westside Hotel","_seopress_titles_desc":"Hotel Westside : hotel 4 \u00e9toiles abordable, convivial et cosy avec sauna et piscine gratuits. Meilleurs tarifs et conditions pour nos visteurs en ligne.","_seopress_robots_index":"","footnotes":""},"class_list":["post-270","page","type-page","status-publish","hentry"],"acf":[],"_links":{"self":[{"href":"https:\/\/www.hotelwestside.com\/fr\/wp-json\/wp\/v2\/pages\/270","targetHints":{"allow":["GET"]}}],"collection":[{"href":"https:\/\/www.hotelwestside.com\/fr\/wp-json\/wp\/v2\/pages"}],"about":[{"href":"https:\/\/www.hotelwestside.com\/fr\/wp-json\/wp\/v2\/types\/page"}],"author":[{"embeddable":true,"href":"https:\/\/www.hotelwestside.com\/fr\/wp-json\/wp\/v2\/users\/2"}],"replies":[{"embeddable":true,"href":"https:\/\/www.hotelwestside.com\/fr\/wp-json\/wp\/v2\/comments?post=270"}],"version-history":[{"count":0,"href":"https:\/\/www.hotelwestside.com\/fr\/wp-json\/wp\/v2\/pages\/270\/revisions"}],"wp:attachment":[{"href":"https:\/\/www.hotelwestside.com\/fr\/wp-json\/wp\/v2\/media?parent=270"}],"curies":[{"name":"wp","href":"https:\/\/api.w.org\/{rel}","templated":true}]}}