{"id":20467,"date":"2023-03-01T17:11:52","date_gmt":"2023-03-01T16:11:52","guid":{"rendered":"https:\/\/www.hotelwestside.com\/?page_id=20467"},"modified":"2023-08-30T15:56:15","modified_gmt":"2023-08-30T14:56:15","slug":"circuler-propre","status":"publish","type":"page","link":"https:\/\/www.hotelwestside.com\/fr\/paris-arc-de-triomphe\/localisation-acces\/circuler-propre\/","title":{"rendered":"<strong>Circuler \u00ab\u00a0propre\u00a0\u00bb \u00e0 Paris<\/strong>"},"content":{"rendered":"\n<p>Comme toutes les grandes m\u00e9tropoles, Paris doit lutter contre la pollution atmosph\u00e9rique. Nous encourageons aussi nos visiteurs \u00e0 utiliser des modes de transport \u00ab\u00a0propres\u00a0\u00bb. <\/p>\n\n\n\n<p><strong>V\u00e9lo\u00a0<\/strong>Une station de Velib (v\u00e9los \u00e9lectriques ou m\u00e9caniques) se trouve <strong>juste en face de l\u2019h\u00f4tel.<\/strong> Pour les visiteurs de passage, il existe des formules pour un trajet (3 \u20ac) ou des formules Pass de 1 Jour (5 \u20ac) ou 3 jours (20 \u20ac). Informations et tarifs sur <a rel=\"noreferrer noopener\" href=\"https:\/\/www.velib-metropole.fr\/offers\" target=\"_blank\">le site Velib<\/a>.<\/p>\n\n\n\n<p><strong>Taxis <\/strong>Si vous souhaitez circuler en taxi, faites comme nous : nous nous effor\u00e7ons de r\u00e9server des <strong>\u00ab taxis verts \u00bb<\/strong> (compagnie Taxis Bleus) ou des <strong>\u00ab greencabs \u00bb<\/strong> (compagnie G7) qui proposent des v\u00e9hicules \u00e9lectriques ou hybrides, faiblement consommateurs de carburant et faiblement \u00e9metteurs de CO2 et de particules fines.<\/p>\n\n\n\n<p><strong>Transports en commun<\/strong> Paris se d\u00e9couvre rapidement et facilement en m\u00e9tro ou bus. De nombreuses stations se trouvent \u00e0 proximit\u00e9 de l\u2019h\u00f4tel. Vous trouverez les plans et les tarifs sur <a rel=\"noreferrer noopener\" href=\"https:\/\/www.ratp.fr\/\" target=\"_blank\">le site de la RATP<\/a>. Vous  pouvez aussi t\u00e9l\u00e9charger l\u2019application <a href=\"https:\/\/www.ratp.fr\/apps\/bonjour-ratp\" target=\"_blank\" rel=\"noreferrer noopener\">Bonjour RATP<\/a>. Mais l&rsquo;\u00e9quipe de r\u00e9ception est naturellement aussi \u00e0 votre disposition pour vous guider. <\/p>\n\n\n\n<p><strong>A pied<\/strong> Pour ceux qui ont un peu de temps, il n&rsquo;y pas meilleur moyen pour d\u00e9couvrir la \u00ab\u00a0ville lumi\u00e8re\u00a0\u00bb, ses quartiers et ses habitants.<\/p>\n","protected":false},"excerpt":{"rendered":"<p>Comme toutes les grandes m\u00e9tropoles, Paris doit lutter contre la pollution atmosph\u00e9rique. Nous encourageons aussi nos visiteurs \u00e0 utiliser des modes de transport \u00ab\u00a0propres\u00a0\u00bb. V\u00e9lo\u00a0Une station de Velib (v\u00e9los \u00e9lectriques ou m\u00e9caniques) se trouve juste en face de l\u2019h\u00f4tel. Pour les visiteurs de passage, il existe des formules pour un trajet (3 \u20ac) ou des [&hellip;]<\/p>\n","protected":false},"author":2,"featured_media":20462,"parent":428,"menu_order":0,"comment_status":"closed","ping_status":"closed","template":"page-sidebar.php","meta":{"_acf_changed":false,"_seopress_robots_primary_cat":"","_seopress_titles_title":"","_seopress_titles_desc":"","_seopress_robots_index":"","footnotes":""},"class_list":["post-20467","page","type-page","status-publish","has-post-thumbnail","hentry"],"acf":[],"_links":{"self":[{"href":"https:\/\/www.hotelwestside.com\/fr\/wp-json\/wp\/v2\/pages\/20467","targetHints":{"allow":["GET"]}}],"collection":[{"href":"https:\/\/www.hotelwestside.com\/fr\/wp-json\/wp\/v2\/pages"}],"about":[{"href":"https:\/\/www.hotelwestside.com\/fr\/wp-json\/wp\/v2\/types\/page"}],"author":[{"embeddable":true,"href":"https:\/\/www.hotelwestside.com\/fr\/wp-json\/wp\/v2\/users\/2"}],"replies":[{"embeddable":true,"href":"https:\/\/www.hotelwestside.com\/fr\/wp-json\/wp\/v2\/comments?post=20467"}],"version-history":[{"count":0,"href":"https:\/\/www.hotelwestside.com\/fr\/wp-json\/wp\/v2\/pages\/20467\/revisions"}],"up":[{"embeddable":true,"href":"https:\/\/www.hotelwestside.com\/fr\/wp-json\/wp\/v2\/pages\/428"}],"wp:featuredmedia":[{"embeddable":true,"href":"https:\/\/www.hotelwestside.com\/fr\/wp-json\/wp\/v2\/media\/20462"}],"wp:attachment":[{"href":"https:\/\/www.hotelwestside.com\/fr\/wp-json\/wp\/v2\/media?parent=20467"}],"curies":[{"name":"wp","href":"https:\/\/api.w.org\/{rel}","templated":true}]}}