{"id":194,"date":"2013-07-08T22:52:25","date_gmt":"2013-07-08T21:52:25","guid":{"rendered":"http:\/\/hotelwestside.44.io\/classic-double-rooms-2\/"},"modified":"2024-10-24T13:10:39","modified_gmt":"2024-10-24T12:10:39","slug":"chambre-double-classique","status":"publish","type":"page","link":"https:\/\/www.hotelwestside.com\/fr\/paris-arc-de-triomphe\/chambre-double-classique\/","title":{"rendered":"Chambre simple classique"},"content":{"rendered":"<p>Nos quatorze chambres simples classiques sont d\u00e9cor\u00e9es dans un style contemporain et fonctionnel qui fait une large part au bois. Elles comprennent toutes un grand lit ainsi qu&rsquo;un bureau. Elles sont particuli\u00e8rement calmes.<\/p>\n<p>Toutes nos chambres sont strictement non-fumeurs et proposent le meilleur de nos prestations : t\u00e9l\u00e9vision LED (53 chaines), t\u00e9l\u00e9phone,\u00a0 coffre-fort, climatisation individuelle, chauffage individuel, douche, s\u00e8che-cheveux, peignoir(s), chaussons, bouilloire\/th\u00e9\/caf\u00e9, mini-bar, service de r\u00e9veil.<\/p>\n","protected":false},"excerpt":{"rendered":"<p>Nos quatorze chambres simples classiques sont d\u00e9cor\u00e9es dans un style contemporain et fonctionnel qui fait une large part au bois. Elles comprennent toutes un grand lit ainsi qu&rsquo;un bureau. Elles sont particuli\u00e8rement calmes. Toutes nos chambres sont strictement non-fumeurs et proposent le meilleur de nos prestations : t\u00e9l\u00e9vision LED (53 chaines), t\u00e9l\u00e9phone,\u00a0 coffre-fort, climatisation individuelle, [&hellip;]<\/p>\n","protected":false},"author":2,"featured_media":0,"parent":270,"menu_order":5,"comment_status":"closed","ping_status":"closed","template":"page-chambre-sidebar.php","meta":{"_acf_changed":false,"_seopress_robots_primary_cat":"","_seopress_titles_title":"Chambre calme \u00e0 Paris \u00e0 l'H\u00f4tel Westside Arc de Triomphe","_seopress_titles_desc":"Nos chambres doubles classiques sont particuli\u00e8rement calmes et offrent un tr\u00e8s bon rapport qualit\u00e9 prix pour votre prochain s\u00e9jour dans un h\u00f4tel 4 \u00e9toiles.","_seopress_robots_index":"","footnotes":""},"class_list":["post-194","page","type-page","status-publish","hentry"],"acf":[],"_links":{"self":[{"href":"https:\/\/www.hotelwestside.com\/fr\/wp-json\/wp\/v2\/pages\/194","targetHints":{"allow":["GET"]}}],"collection":[{"href":"https:\/\/www.hotelwestside.com\/fr\/wp-json\/wp\/v2\/pages"}],"about":[{"href":"https:\/\/www.hotelwestside.com\/fr\/wp-json\/wp\/v2\/types\/page"}],"author":[{"embeddable":true,"href":"https:\/\/www.hotelwestside.com\/fr\/wp-json\/wp\/v2\/users\/2"}],"replies":[{"embeddable":true,"href":"https:\/\/www.hotelwestside.com\/fr\/wp-json\/wp\/v2\/comments?post=194"}],"version-history":[{"count":0,"href":"https:\/\/www.hotelwestside.com\/fr\/wp-json\/wp\/v2\/pages\/194\/revisions"}],"up":[{"embeddable":true,"href":"https:\/\/www.hotelwestside.com\/fr\/wp-json\/wp\/v2\/pages\/270"}],"wp:attachment":[{"href":"https:\/\/www.hotelwestside.com\/fr\/wp-json\/wp\/v2\/media?parent=194"}],"curies":[{"name":"wp","href":"https:\/\/api.w.org\/{rel}","templated":true}]}}