{"id":164,"date":"2013-07-08T21:41:47","date_gmt":"2013-07-08T20:41:47","guid":{"rendered":"http:\/\/hotelwestside.44.io\/?page_id=164"},"modified":"2024-10-24T15:17:29","modified_gmt":"2024-10-24T14:17:29","slug":"chambre-simple","status":"publish","type":"page","link":"https:\/\/www.hotelwestside.com\/fr\/paris-arc-de-triomphe\/chambre-simple\/","title":{"rendered":"Twins sup\u00e9rieures &#038; deluxe"},"content":{"rendered":"<p>Nos six chambres twins sup\u00e9rieures et nos deux twins deluxes sont d\u00e9cor\u00e9es dans un style contemporain et fonctionnel qui fait une large part au bois. Elles comprennent toutes un bureau de travail. Elles sont calmes et \u00e9quip\u00e9es de deux lits (90 cm de large x 2).<\/p>\n<p>Toutes nos chambres sont strictement non-fumeurs et proposent le meilleur de nos prestations : t\u00e9l\u00e9vision LED (53 chaines), t\u00e9l\u00e9phone, coffre-fort, climatisation individuelle, chauffage individuel, bain, s\u00e8che-cheveux, peignoir(s),\u00a0 chaussons, bouilloire\/th\u00e9\/caf\u00e9, mini-bar, service de r\u00e9veil.<\/p>\n","protected":false},"excerpt":{"rendered":"<p>Nos six chambres twins sup\u00e9rieures et nos deux twins deluxes sont d\u00e9cor\u00e9es dans un style contemporain et fonctionnel qui fait une large part au bois. Elles comprennent toutes un bureau de travail. Elles sont calmes et \u00e9quip\u00e9es de deux lits (90 cm de large x 2). Toutes nos chambres sont strictement non-fumeurs et proposent le [&hellip;]<\/p>\n","protected":false},"author":2,"featured_media":0,"parent":270,"menu_order":7,"comment_status":"closed","ping_status":"closed","template":"page-chambre-sidebar.php","meta":{"_acf_changed":false,"_seopress_robots_primary_cat":"","_seopress_titles_title":"Chambre twin avec deux lits \u00e0 Paris - Hotel Westside Arc de Triomphe","_seopress_titles_desc":"Toutes nos chambres sup\u00e9rieures twin sont \u00e9quip\u00e9es de deux lits (90 cm x 2), d'un bureau et du wifi gratuit : id\u00e9al pour votre prochain voyage d'affaires \u00e0 Paris.","_seopress_robots_index":"","footnotes":""},"class_list":["post-164","page","type-page","status-publish","hentry"],"acf":[],"_links":{"self":[{"href":"https:\/\/www.hotelwestside.com\/fr\/wp-json\/wp\/v2\/pages\/164","targetHints":{"allow":["GET"]}}],"collection":[{"href":"https:\/\/www.hotelwestside.com\/fr\/wp-json\/wp\/v2\/pages"}],"about":[{"href":"https:\/\/www.hotelwestside.com\/fr\/wp-json\/wp\/v2\/types\/page"}],"author":[{"embeddable":true,"href":"https:\/\/www.hotelwestside.com\/fr\/wp-json\/wp\/v2\/users\/2"}],"replies":[{"embeddable":true,"href":"https:\/\/www.hotelwestside.com\/fr\/wp-json\/wp\/v2\/comments?post=164"}],"version-history":[{"count":0,"href":"https:\/\/www.hotelwestside.com\/fr\/wp-json\/wp\/v2\/pages\/164\/revisions"}],"up":[{"embeddable":true,"href":"https:\/\/www.hotelwestside.com\/fr\/wp-json\/wp\/v2\/pages\/270"}],"wp:attachment":[{"href":"https:\/\/www.hotelwestside.com\/fr\/wp-json\/wp\/v2\/media?parent=164"}],"curies":[{"name":"wp","href":"https:\/\/api.w.org\/{rel}","templated":true}]}}