{"id":20694,"date":"2023-03-13T17:27:25","date_gmt":"2023-03-13T16:27:25","guid":{"rendered":"https:\/\/www.hotelwestside.com\/?page_id=20694"},"modified":"2023-08-30T15:56:52","modified_gmt":"2023-08-30T14:56:52","slug":"transporte-verde","status":"publish","type":"page","link":"https:\/\/www.hotelwestside.com\/es\/paris-arc-de-triomphe\/localisation-acces\/transporte-verde\/","title":{"rendered":"Medios de transporte \u00ablimpios\u00bb"},"content":{"rendered":"\n<p><\/p>\n\n\n\n<p>Como todas las grandes ciudades, Par\u00eds debe luchar contra la contaminaci\u00f3n del aire. Tambi\u00e9n alentamos a nuestros visitantes a utilizar medios de transporte \u201climpios\u201d.<\/p>\n\n\n\n<p><strong>Ciclismo<\/strong> Una estaci\u00f3n Velib (bicicletas el\u00e9ctricas o mec\u00e1nicas) se encuentra justo enfrente del hotel. Para los visitantes de paso, existen f\u00f3rmulas de un viaje (3\u20ac) o f\u00f3rmulas de Abono de 1 D\u00eda (5\u20ac) o 3 d\u00edas (20\u20ac). Informaci\u00f3n y precios en la web de Velib.<\/p>\n\n\n\n<p><strong>Taxis<\/strong> Si desea viajar en taxi, haga como nosotros: hacemos todo lo posible para reservar \u201ctaxis verdes\u201d (empresa Taxis Bleus) o \u201cgreencabs\u201d (empresa G7) que ofrecen veh\u00edculos el\u00e9ctricos o h\u00edbridos, que consumen poco combustible y emisores. de CO2 y part\u00edculas finas.<\/p>\n\n\n\n<p><strong>Transporte p\u00fablico<\/strong> Par\u00eds se puede descubrir r\u00e1pida y f\u00e1cilmente en metro o autob\u00fas. Muchas estaciones se encuentran cerca del hotel. Encontrar\u00e1s planes y precios en la web de la RATP. Tambi\u00e9n puede descargar la aplicaci\u00f3n Bonjour RATP. Pero, naturalmente, el equipo de recepci\u00f3n tambi\u00e9n est\u00e1 a su disposici\u00f3n para orientarle.<\/p>\n\n\n\n<p><strong>A pie<\/strong> Para los que disponen de poco tiempo, no hay mejor manera de descubrir la \u00abciudad de la luz\u00bb, sus barrios y sus habitantes.<\/p>\n","protected":false},"excerpt":{"rendered":"<p>Como todas las grandes ciudades, Par\u00eds debe luchar contra la contaminaci\u00f3n del aire. Tambi\u00e9n alentamos a nuestros visitantes a utilizar medios de transporte \u201climpios\u201d. Ciclismo Una estaci\u00f3n Velib (bicicletas el\u00e9ctricas o mec\u00e1nicas) se encuentra justo enfrente del hotel. Para los visitantes de paso, existen f\u00f3rmulas de un viaje (3\u20ac) o f\u00f3rmulas de Abono de 1 [&hellip;]<\/p>\n","protected":false},"author":2,"featured_media":20464,"parent":1701,"menu_order":0,"comment_status":"closed","ping_status":"closed","template":"page-sidebar.php","meta":{"_acf_changed":false,"_seopress_robots_primary_cat":"","_seopress_titles_title":"","_seopress_titles_desc":"","_seopress_robots_index":"","footnotes":""},"class_list":["post-20694","page","type-page","status-publish","has-post-thumbnail","hentry"],"acf":[],"_links":{"self":[{"href":"https:\/\/www.hotelwestside.com\/es\/wp-json\/wp\/v2\/pages\/20694","targetHints":{"allow":["GET"]}}],"collection":[{"href":"https:\/\/www.hotelwestside.com\/es\/wp-json\/wp\/v2\/pages"}],"about":[{"href":"https:\/\/www.hotelwestside.com\/es\/wp-json\/wp\/v2\/types\/page"}],"author":[{"embeddable":true,"href":"https:\/\/www.hotelwestside.com\/es\/wp-json\/wp\/v2\/users\/2"}],"replies":[{"embeddable":true,"href":"https:\/\/www.hotelwestside.com\/es\/wp-json\/wp\/v2\/comments?post=20694"}],"version-history":[{"count":0,"href":"https:\/\/www.hotelwestside.com\/es\/wp-json\/wp\/v2\/pages\/20694\/revisions"}],"up":[{"embeddable":true,"href":"https:\/\/www.hotelwestside.com\/es\/wp-json\/wp\/v2\/pages\/1701"}],"wp:featuredmedia":[{"embeddable":true,"href":"https:\/\/www.hotelwestside.com\/es\/wp-json\/wp\/v2\/media\/20464"}],"wp:attachment":[{"href":"https:\/\/www.hotelwestside.com\/es\/wp-json\/wp\/v2\/media?parent=20694"}],"curies":[{"name":"wp","href":"https:\/\/api.w.org\/{rel}","templated":true}]}}