{"id":1714,"date":"2013-07-22T10:42:02","date_gmt":"2013-07-22T09:42:02","guid":{"rendered":"http:\/\/hotelwestside.44.io\/paris-arc-de-triomphe\/"},"modified":"2018-02-14T10:47:43","modified_gmt":"2018-02-14T09:47:43","slug":"paris-arc-de-triomphe","status":"publish","type":"page","link":"https:\/\/www.hotelwestside.com\/es\/paris-arc-de-triomphe\/","title":{"rendered":"Bienvenida al Hotel Westside Arc de Triomphe"},"content":{"rendered":"<p>Descubra un 4 estrellas parisino donde sentirse como en casa. El Westside Arc de Triomphe (antiguamente Waldorf Arc de Triomphe), situado en una calle tranquila de uno de los mejores barrios de Par\u00eds, es conocido por la calidad de su alojamiento, la hospitalidad de su equipo y su ambiente acogedor. Ideal para los viajes de negocios\u00a0(wifi gratuito, escritorio en la habitaci\u00f3n, localizaci\u00f3n) y un punto de partida perfecto para descubrir la capital. \u00bfSu secreto? Esconde una peque\u00f1a (5,80 x 2,40 m) y encantadora piscina y una sauna en el s\u00f3tano: un lugar perfecto para relajarse despu\u00e9s de un largo d\u00eda de turismo o de reuniones antes de cenar en uno de los restaurantes del animado barrio del distrito 17.<\/p>\n<p>El equipo de la recepci\u00f3n ofrece servicio de conserjer\u00eda y le ayuda a organizar sus excursiones.\u00a0Hay numerosas estaciones de metro a solo\u00a0500 metros del hotel y una parada de autob\u00fas y de taxis a menos de 50 metros. El Arco del Triunfo y el principio de los Campos El\u00edseos est\u00e1n a 12 minutos a pie del hotel.\u00a0El Palacio de Congresos de la Porte Maillot a menos de un kil\u00f3metro.<a href=\"http:\/\/hotelwestside.44.io\/fr\/paris-arc-de-triomphe\/localisation-acces\/\"> Ver la p\u00e1gina Localizaci\u00f3n<\/a><\/p>\n<p><strong>INFORMACI\u00d3N PR\u00c1CTICA<\/strong><\/p>\n<ul>\n<li>Check in: a partir de las 15:00 \/ Check out: antes de las 12:00.<\/li>\n<li>Tarjetas de cr\u00e9dito aceptadas en el hotel: American Express, Visa, Euro\/Mastercard, Carte Bleue y JCB. Atenci\u00f3n: el hotel se reserva el derecho a comprobar la validez de las tarjetas antes de la llegada.<\/li>\n<li>Idiomas hablados por el equipo: ingl\u00e9s, franc\u00e9s, \u00e1rabe y espa\u00f1ol<\/li>\n<li>Hotel 4 estrellas<\/li>\n<li>44 habitaciones: <a href=\"http:\/\/hotelwestside.44.io\/es\/paris-arc-de-triomphe\/habitacion-doble-deluxe\/\">habitaciones dobles deluxe<\/a>, <a href=\"http:\/\/hotelwestside.44.io\/es\/paris-arc-de-triomphe\/chambre-double-superieure\/\">habitaciones dobles superiores<\/a>, <a href=\"http:\/\/hotelwestside.44.io\/es\/paris-arc-de-triomphe\/chambre-double-classique\/\">habitaciones dobles cl\u00e1sicas<\/a> y <a href=\"http:\/\/hotelwestside.44.io\/es\/paris-arc-de-triomphe\/twin-habitacion\/\">habitaciones\u00a0twin superiores y deluxe<\/a> con dos camas (90 cm x 2)<\/li>\n<li>Recepci\u00f3n 24 h, servicio de excursiones,\u00a0venta de entradas, conserjer\u00eda<\/li>\n<li>Piscina interior, sauna<\/li>\n<li>Bar, minibar, servicio de habitaciones (de 17:00 a 01:30), desayuno en comedor y en la habitaci\u00f3n<\/li>\n<li>Wifi gratuito, TV LED (53 canales), fax\/fotocopiadora, altavoces para iPod<\/li>\n<li>Business Center, peri\u00f3dicos<\/li>\n<li>Ascensor, servicio de equipaje<\/li>\n<li>Tintorer\u00eda, limpieza<\/li>\n<li>No fumadores, caja fuerte, calefacci\u00f3n y aire acondicionado en las habitaciones<\/li>\n<\/ul>\n<p><strong>C\u00d3MO LLEGAR AL HOTEL<\/strong><\/p>\n<p><strong>Metro<\/strong><\/p>\n<ul>\n<li>L\u00ednea 1,\u00a0parada Ch. de Gaulle \u2013 Etoile (12 min a pie)<\/li>\n<li>L\u00ednea 2,\u00a0parada Ternes (7 min)<\/li>\n<li>L\u00ednea 3, parada P\u00e9reire (6 min)<\/li>\n<li>RER C, parada P\u00e9reire (9 min)<\/li>\n<li>RER A, parada Charles de Gaulle \u2013 Etoile (12 min)<\/li>\n<\/ul>\n<p><strong>Autob\u00fas<\/strong><\/p>\n<ul>\n<li>Autob\u00fas 92, 93, parada Pierre Demours (1 min)<\/li>\n<li>Autob\u00fas 43, parada Eglise Saint-Ferdinand (6 min)<\/li>\n<\/ul>\n<p><strong>Parking<\/strong><\/p>\n<p>38, avenue des Ternes, Par\u00eds distrito 17 (5 min). 38 \u20ac\/d\u00eda.<\/p>\n<p><a href=\"http:\/\/hotelwestside.44.io\/es\/paris-arc-de-triomphe\/localisation-acces\/\">Localizaci\u00f3n y acceso<\/a><\/p>\n","protected":false},"excerpt":{"rendered":"<p>Descubra un 4 estrellas parisino donde sentirse como en casa. El Westside Arc de Triomphe (antiguamente Waldorf Arc de Triomphe), situado en una calle tranquila de uno de los mejores barrios de Par\u00eds, es conocido por la calidad de su alojamiento, la hospitalidad de su equipo y su ambiente acogedor. Ideal para los viajes de [&hellip;]<\/p>\n","protected":false},"author":2,"featured_media":0,"parent":0,"menu_order":5,"comment_status":"closed","ping_status":"closed","template":"page-sidebar.php","meta":{"_acf_changed":false,"_seopress_robots_primary_cat":"","_seopress_titles_title":"Hotel pr\u00e8s de la place de l'Etoile et de l'Arc de Triomphe - Westside Hotel","_seopress_titles_desc":"Hotel Westside : hotel 4 \u00e9toiles abordable, convivial et cosy avec sauna et piscine gratuits. Meilleurs tarifs et conditions pour nos visteurs en ligne.","_seopress_robots_index":"","footnotes":""},"class_list":["post-1714","page","type-page","status-publish","hentry"],"acf":[],"_links":{"self":[{"href":"https:\/\/www.hotelwestside.com\/es\/wp-json\/wp\/v2\/pages\/1714","targetHints":{"allow":["GET"]}}],"collection":[{"href":"https:\/\/www.hotelwestside.com\/es\/wp-json\/wp\/v2\/pages"}],"about":[{"href":"https:\/\/www.hotelwestside.com\/es\/wp-json\/wp\/v2\/types\/page"}],"author":[{"embeddable":true,"href":"https:\/\/www.hotelwestside.com\/es\/wp-json\/wp\/v2\/users\/2"}],"replies":[{"embeddable":true,"href":"https:\/\/www.hotelwestside.com\/es\/wp-json\/wp\/v2\/comments?post=1714"}],"version-history":[{"count":0,"href":"https:\/\/www.hotelwestside.com\/es\/wp-json\/wp\/v2\/pages\/1714\/revisions"}],"wp:attachment":[{"href":"https:\/\/www.hotelwestside.com\/es\/wp-json\/wp\/v2\/media?parent=1714"}],"curies":[{"name":"wp","href":"https:\/\/api.w.org\/{rel}","templated":true}]}}