{"id":1711,"date":"2015-03-17T16:24:18","date_gmt":"2015-03-17T15:24:18","guid":{"rendered":"http:\/\/hotelwestside.44.io\/promotion-lovers\/"},"modified":"2017-11-24T10:36:39","modified_gmt":"2017-11-24T09:36:39","slug":"promocion-lovers","status":"publish","type":"page","link":"https:\/\/www.hotelwestside.com\/es\/promocion-lovers\/","title":{"rendered":"Promoci\u00f3n Lovers"},"content":{"rendered":"<p><a href=\"http:\/\/hotelwestside.44.io\/wp-content\/uploads\/2015\/03\/lovers.jpg\"><img loading=\"lazy\" decoding=\"async\" class=\"aligncenter size-full wp-image-5811\" style=\"width: 688px; height: 449px;\" src=\"http:\/\/hotelwestside.44.io\/wp-content\/uploads\/2015\/03\/lovers.jpg\" alt=\"lovers\" width=\"2124\" height=\"1414\" srcset=\"https:\/\/www.hotelwestside.com\/wp-content\/uploads\/2015\/03\/lovers.jpg 2124w, https:\/\/www.hotelwestside.com\/wp-content\/uploads\/2015\/03\/lovers-300x199.jpg 300w, https:\/\/www.hotelwestside.com\/wp-content\/uploads\/2015\/03\/lovers-1024x681.jpg 1024w\" sizes=\"auto, (max-width: 2124px) 100vw, 2124px\" \/><\/a><\/p>\n<p>Queremos celebrar el triunfo del amor. Para ello el Hotel Westside Arc de Triomphe\u00a0les ofrece para el fin de semana :<\/p>\n<ul>\n<li>\n<p class=\"x_MsoNormal\">Una botella peque\u00f1a de champ\u00e1n<\/p>\n<\/li>\n<li>\n<p class=\"x_MsoNormal\">Un desayuno de buffet<\/p>\n<\/li>\n<li>\n<p class=\"x_MsoNormal\">Wifi de alta velocidad<\/p>\n<\/li>\n<li>\n<p class=\"x_MsoNormal\">Acceso a la piscina climatizada del hotel<\/p>\n<\/li>\n<li>\n<p class=\"x_MsoNormal\">Clase superior (en funci\u00f3n de la disponibilidad)<\/p>\n<\/li>\n<\/ul>\n<h3 style=\"text-align: center;\"><strong><a href=\"https:\/\/www.secure-hotel-booking.com\/smart\/Westside-Arc-de-Triomphe\/2V9B\/es\/#\/RoomSelection\">RESERVE YA<\/a><\/strong><\/h3>\n","protected":false},"excerpt":{"rendered":"<p>Queremos celebrar el triunfo del amor. Para ello el Hotel Westside Arc de Triomphe\u00a0les ofrece para el fin de semana : Una botella peque\u00f1a de champ\u00e1n Un desayuno de buffet Wifi de alta velocidad Acceso a la piscina climatizada del hotel Clase superior (en funci\u00f3n de la disponibilidad) RESERVE YA<\/p>\n","protected":false},"author":2,"featured_media":0,"parent":0,"menu_order":0,"comment_status":"open","ping_status":"open","template":"page-sidebar.php","meta":{"_acf_changed":false,"_seopress_robots_primary_cat":"","_seopress_titles_title":"","_seopress_titles_desc":"","_seopress_robots_index":"","footnotes":""},"class_list":["post-1711","page","type-page","status-publish","hentry"],"acf":[],"_links":{"self":[{"href":"https:\/\/www.hotelwestside.com\/es\/wp-json\/wp\/v2\/pages\/1711","targetHints":{"allow":["GET"]}}],"collection":[{"href":"https:\/\/www.hotelwestside.com\/es\/wp-json\/wp\/v2\/pages"}],"about":[{"href":"https:\/\/www.hotelwestside.com\/es\/wp-json\/wp\/v2\/types\/page"}],"author":[{"embeddable":true,"href":"https:\/\/www.hotelwestside.com\/es\/wp-json\/wp\/v2\/users\/2"}],"replies":[{"embeddable":true,"href":"https:\/\/www.hotelwestside.com\/es\/wp-json\/wp\/v2\/comments?post=1711"}],"version-history":[{"count":0,"href":"https:\/\/www.hotelwestside.com\/es\/wp-json\/wp\/v2\/pages\/1711\/revisions"}],"wp:attachment":[{"href":"https:\/\/www.hotelwestside.com\/es\/wp-json\/wp\/v2\/media?parent=1711"}],"curies":[{"name":"wp","href":"https:\/\/api.w.org\/{rel}","templated":true}]}}