{"id":1706,"date":"2013-07-25T14:31:16","date_gmt":"2013-07-25T13:31:16","guid":{"rendered":"http:\/\/hotelwestside.44.io\/legal-notices\/"},"modified":"2017-11-24T10:24:54","modified_gmt":"2017-11-24T09:24:54","slug":"menciones-legales","status":"publish","type":"page","link":"https:\/\/www.hotelwestside.com\/es\/menciones-legales\/","title":{"rendered":"Menciones legales"},"content":{"rendered":"<p>El sitio web hotelwestside.com est\u00e1 editado por la sociedad Demours, 36 rue Pierre Demours, 75017 Par\u00eds, sociedad an\u00f3nima simplificada con un capital de 40 000,00 euros, registro mercantil de Par\u00eds 483 658 720, n.\u00b0 de IVA intracomunitario: FR 234836587200 0022, presidente: Euptouyou. El director de la publicaci\u00f3n es Christophe Delaporte.<\/p>\n<p>El sitio web hotelwestside.com est\u00e1 alojado por la sociedad OVH, 2 Rue Kellermann, 59100 Roubaix SAS con un capital de 10 000 000,00 \u20ac, registro mercantil de Lille B 424 761 419.<\/p>\n<p>Esta web respeta los derechos de autor. Todos los derechos de los autores de las obras protegidas reproducidas y mostradas en esta web est\u00e1n reservados. Salvo autorizaci\u00f3n previa, est\u00e1 prohibido cualquier uso de las obras diferente de la reproducci\u00f3n y consulta individual y privada.<\/p>\n<p>La sociedad Demours concede al usuario el derecho de consulta de dichos sitios para un uso estrictamente personal y privado. Queda prohibida toda reproducci\u00f3n, redifusi\u00f3n o comercializaci\u00f3n total o parcial del contenido.<\/p>\n<p>Sitio web desarrollado en <a href=\"http:\/\/fr.wordpress.com\/\">WordPress<\/a> con la colaboraci\u00f3n activa y el apoyo de <a href=\"http:\/\/www.huma-concept.com\/\">Huma-Concept<\/a>.<\/p>\n","protected":false},"excerpt":{"rendered":"<p>El sitio web hotelwestside.com est\u00e1 editado por la sociedad Demours, 36 rue Pierre Demours, 75017 Par\u00eds, sociedad an\u00f3nima simplificada con un capital de 40 000,00 euros, registro mercantil de Par\u00eds 483 658 720, n.\u00b0 de IVA intracomunitario: FR 234836587200 0022, presidente: Euptouyou. El director de la publicaci\u00f3n es Christophe Delaporte. El sitio web hotelwestside.com est\u00e1 [&hellip;]<\/p>\n","protected":false},"author":2,"featured_media":0,"parent":0,"menu_order":20,"comment_status":"closed","ping_status":"closed","template":"page-sidebar.php","meta":{"_acf_changed":false,"_seopress_robots_primary_cat":"","_seopress_titles_title":"","_seopress_titles_desc":"","_seopress_robots_index":"","footnotes":""},"class_list":["post-1706","page","type-page","status-publish","hentry"],"acf":[],"_links":{"self":[{"href":"https:\/\/www.hotelwestside.com\/es\/wp-json\/wp\/v2\/pages\/1706","targetHints":{"allow":["GET"]}}],"collection":[{"href":"https:\/\/www.hotelwestside.com\/es\/wp-json\/wp\/v2\/pages"}],"about":[{"href":"https:\/\/www.hotelwestside.com\/es\/wp-json\/wp\/v2\/types\/page"}],"author":[{"embeddable":true,"href":"https:\/\/www.hotelwestside.com\/es\/wp-json\/wp\/v2\/users\/2"}],"replies":[{"embeddable":true,"href":"https:\/\/www.hotelwestside.com\/es\/wp-json\/wp\/v2\/comments?post=1706"}],"version-history":[{"count":0,"href":"https:\/\/www.hotelwestside.com\/es\/wp-json\/wp\/v2\/pages\/1706\/revisions"}],"wp:attachment":[{"href":"https:\/\/www.hotelwestside.com\/es\/wp-json\/wp\/v2\/media?parent=1706"}],"curies":[{"name":"wp","href":"https:\/\/api.w.org\/{rel}","templated":true}]}}