{"id":1704,"date":"2013-07-08T22:55:45","date_gmt":"2013-07-08T21:55:45","guid":{"rendered":"http:\/\/hotelwestside.44.io\/contact\/"},"modified":"2019-11-27T12:49:41","modified_gmt":"2019-11-27T11:49:41","slug":"contactar","status":"publish","type":"page","link":"https:\/\/www.hotelwestside.com\/es\/paris-arc-de-triomphe\/contactar\/","title":{"rendered":"Contactar con el equipo del Hotel Westside Arc de Triomphe &#8211; Reservas"},"content":{"rendered":"","protected":false},"excerpt":{"rendered":"","protected":false},"author":2,"featured_media":0,"parent":1714,"menu_order":13,"comment_status":"open","ping_status":"closed","template":"page-contact.php","meta":{"_acf_changed":false,"_seopress_robots_primary_cat":"","_seopress_titles_title":"Contacter l'\u00e9quipe de l'Hotel Westside Arc de Triomphe - R\u00e9servation","_seopress_titles_desc":"Contactez par mail ou par t\u00e9l\u00e9phone notre \u00e9quipe : meilleurs prix et meilleures conditions garanties.","_seopress_robots_index":"","footnotes":""},"class_list":["post-1704","page","type-page","status-publish","hentry"],"acf":[],"_links":{"self":[{"href":"https:\/\/www.hotelwestside.com\/es\/wp-json\/wp\/v2\/pages\/1704","targetHints":{"allow":["GET"]}}],"collection":[{"href":"https:\/\/www.hotelwestside.com\/es\/wp-json\/wp\/v2\/pages"}],"about":[{"href":"https:\/\/www.hotelwestside.com\/es\/wp-json\/wp\/v2\/types\/page"}],"author":[{"embeddable":true,"href":"https:\/\/www.hotelwestside.com\/es\/wp-json\/wp\/v2\/users\/2"}],"replies":[{"embeddable":true,"href":"https:\/\/www.hotelwestside.com\/es\/wp-json\/wp\/v2\/comments?post=1704"}],"version-history":[{"count":0,"href":"https:\/\/www.hotelwestside.com\/es\/wp-json\/wp\/v2\/pages\/1704\/revisions"}],"up":[{"embeddable":true,"href":"https:\/\/www.hotelwestside.com\/es\/wp-json\/wp\/v2\/pages\/1714"}],"wp:attachment":[{"href":"https:\/\/www.hotelwestside.com\/es\/wp-json\/wp\/v2\/media?parent=1704"}],"curies":[{"name":"wp","href":"https:\/\/api.w.org\/{rel}","templated":true}]}}