{"id":1696,"date":"2013-07-08T22:54:47","date_gmt":"2013-07-08T21:54:47","guid":{"rendered":"http:\/\/hotelwestside.44.io\/quartier-17e-arrondissement\/"},"modified":"2024-10-09T16:44:14","modified_gmt":"2024-10-09T15:44:14","slug":"alrederores","status":"publish","type":"page","link":"https:\/\/www.hotelwestside.com\/es\/paris-arc-de-triomphe\/alrederores\/","title":{"rendered":"Alrededores"},"content":{"rendered":"<p>El Hotel Westside tiene una situaci\u00f3n privilegiada, se encuentra en el n\u00famero\u00a036\u00a0de la rue Pierre Demours\u00a0del distrito 17 de Par\u00eds, al oeste de la capital.\u00a0Est\u00e1 cerca del Palacio de Congresos de la Porte Maillot y del barrio de La D\u00e9fense, y a solo 10 minutos a pie de la plaza de la Estrella, del Arco del Triunfo y del principio de los Campos El\u00edseos.<\/p>\n<p>El hotel est\u00e1 situado en una calle de un solo sentido especialmente tranquila de un barrio marcado por el estilo haussmaniano.<\/p>\n<p>Adem\u00e1s, esta parte \u00abchic\u00bb\u00a0del distrito 17 est\u00e1 repleta de bares, restaurantes y tiendas: un barrio completamente renovado que hoy en d\u00eda ofrece un ambiente divertido y familiar.<\/p>\n<p>El <strong>mercado Poncelet<\/strong> es uno de los m\u00e1s espectaculares de Par\u00eds por la calidad de sus productos y de sus tiendas y por el ambiente aut\u00e9ntico y provincial que contin\u00faa reinando en \u00e9l.<\/p>\n<p>El<a href=\"http:\/\/equipement.paris.fr\/parc-monceau-1804\"><strong> parque Monceau<\/strong><\/a><em> (fotograf\u00eda)<\/em>,\u00a0uno de los jardines parisinos m\u00e1s elegantes, est\u00e1 a menos de 10 minutos. Los corredores podr\u00e1n encontrar all\u00ed un espacio de entrenamiento inigualable, los ni\u00f1os disponen de \u00e1reas de juego y los amantes de la tranquilidad podr\u00e1n sumergirse en un maravilloso nido de paz.<\/p>\n<p>Hay muchos lugares para ir de compras cerca: la <strong>Fnac Ternes<\/strong> est\u00e1 a menos de 5 min. Tambi\u00e9n hay numerosas marcas en los alrededores: <strong>Vuitton, Lancel, Comptoir des Cotonniers, Maje <\/strong>o incluso\u00a0<strong>Eden Park<\/strong>&#8230;<\/p>\n<p><strong>Restaurantes<\/strong> tampoco faltan:\u00a0desde la famosa\u00a0brasserie <a href=\"http:\/\/www.brasserielalorraine.com\/\"><strong>La Lorraine<\/strong><\/a> (place des Ternes) hasta los deliciosos restaurantes italianos de barrio como <strong>La Famiglia<\/strong>, situado en avenue Niel, o lugares de moda como <a href=\"http:\/\/www.momparis.fr\/\"><strong>M\u00f4m<\/strong><\/a>, al final de la rue Demours.<\/p>\n<p>Los amantes del marisco podr\u00e1n degustar deliciosas ostras\u00a0en el\u00a0<a href=\"http:\/\/www.lebarahuitres.com\/\"><strong>Bar \u00e0 Hu\u00eetres<\/strong><\/a> (avenue de Wagram)\u00a0o en <a href=\"http:\/\/www.huitrier.fr\/\"><strong>L\u2019Huitrier<\/strong><\/a> (rue Saussier Leroy).\u00a0Cerca del Westside tambi\u00e9n se encuentran dos de los mejores restaurantes de pescado de Par\u00eds: <a href=\"http:\/\/www.restaurantdessirier.com\/\"><strong>Dessirier<\/strong><\/a> (place du Mar\u00e9chal Juin)\u00a0y <a href=\"http:\/\/www.restaurant-rech.fr\/\"><strong>Rech<\/strong><\/a> (avenue des Ternes).<\/p>\n<p>A menos de tres minutos a pie de su habitaci\u00f3n, podr\u00e1 abrir las puertas de <a href=\"http:\/\/www.fredericsimonin.com\/accueil.php?lang=Ang\"><strong>Fr\u00e9d\u00e9ric Simonin<\/strong><\/a>, que cuenta con una estrella Michelin. No obstante, tambi\u00e9n hay muchos lugares donde comer a precios m\u00e1s asequibles. En esta categor\u00eda recomendamos <a href=\"http:\/\/www.petitmarguery-rivedroite.com\/\"><strong>Au Petit Marguery<\/strong><\/a> (avenue des Ternes), <a href=\"http:\/\/www.restaurant-hortensia.fr\/\"><strong>L&#8217;Hortensia<\/strong><\/a> (place du Mar\u00e9chal Juin), <a href=\"http:\/\/www.cavespetrissans.fr\/\"><strong>Les Caves Petrissans<\/strong><\/a> (avenue Niel)\u00a0o\u00a0<a href=\"http:\/\/www.auxsaveursdumarche.fr\/\"><strong>Aux saveurs du march\u00e9<\/strong><\/a> (avenue Niel). Los amantes de la cocina oriental disfrutar\u00e1n degustando los platos de <strong>L\u2019Orchid\u00e9e Tha\u00ef<\/strong> (rue Laugier)\u00a0o de\u00a0<strong><a href=\"http:\/\/www.chezly.fr\/\">Chez Ly<\/a><\/strong> (Avenue Niel).<\/p>\n<p>\u00a1Buen provecho!<\/p>\n","protected":false},"excerpt":{"rendered":"<p>El Hotel Westside tiene una situaci\u00f3n privilegiada, se encuentra en el n\u00famero\u00a036\u00a0de la rue Pierre Demours\u00a0del distrito 17 de Par\u00eds, al oeste de la capital.\u00a0Est\u00e1 cerca del Palacio de Congresos de la Porte Maillot y del barrio de La D\u00e9fense, y a solo 10 minutos a pie de la plaza de la Estrella, del Arco [&hellip;]<\/p>\n","protected":false},"author":2,"featured_media":0,"parent":1714,"menu_order":10,"comment_status":"closed","ping_status":"closed","template":"page-sidebar.php","meta":{"_acf_changed":false,"_seopress_robots_primary_cat":"","_seopress_titles_title":"Alrederores Hotel Westside Arc de Triomphe","_seopress_titles_desc":"","_seopress_robots_index":"","footnotes":""},"class_list":["post-1696","page","type-page","status-publish","hentry"],"acf":[],"_links":{"self":[{"href":"https:\/\/www.hotelwestside.com\/es\/wp-json\/wp\/v2\/pages\/1696","targetHints":{"allow":["GET"]}}],"collection":[{"href":"https:\/\/www.hotelwestside.com\/es\/wp-json\/wp\/v2\/pages"}],"about":[{"href":"https:\/\/www.hotelwestside.com\/es\/wp-json\/wp\/v2\/types\/page"}],"author":[{"embeddable":true,"href":"https:\/\/www.hotelwestside.com\/es\/wp-json\/wp\/v2\/users\/2"}],"replies":[{"embeddable":true,"href":"https:\/\/www.hotelwestside.com\/es\/wp-json\/wp\/v2\/comments?post=1696"}],"version-history":[{"count":0,"href":"https:\/\/www.hotelwestside.com\/es\/wp-json\/wp\/v2\/pages\/1696\/revisions"}],"up":[{"embeddable":true,"href":"https:\/\/www.hotelwestside.com\/es\/wp-json\/wp\/v2\/pages\/1714"}],"wp:attachment":[{"href":"https:\/\/www.hotelwestside.com\/es\/wp-json\/wp\/v2\/media?parent=1696"}],"curies":[{"name":"wp","href":"https:\/\/api.w.org\/{rel}","templated":true}]}}