{"id":1693,"date":"2013-07-24T14:41:58","date_gmt":"2013-07-24T13:41:58","guid":{"rendered":"http:\/\/hotelwestside.44.io\/servicios\/petit-dejeuner\/"},"modified":"2024-10-21T13:32:20","modified_gmt":"2024-10-21T12:32:20","slug":"desayuno","status":"publish","type":"page","link":"https:\/\/www.hotelwestside.com\/es\/paris-arc-de-triomphe\/servicios\/desayuno\/","title":{"rendered":"Desayuno en el Hotel Westside"},"content":{"rendered":"<p>El desayuno se sirve en el comedor de 07:00 a 10:30.<\/p>\n<p><strong>DESAYUNO BUFFET<\/strong>\u00a0&#8211; <em>Precio: 16 \u20ac<\/em><\/p>\n<p><strong>Platos calientes<\/strong><\/p>\n<ul>\n<li>Huevos revueltos<\/li>\n<li>Salchichas<\/li>\n<li>Surtido de quesos<\/li>\n<li>Embutidos<\/li>\n<\/ul>\n<p><strong>Bebidas <\/strong><\/p>\n<ul>\n<li>Caf\u00e9 solo<\/li>\n<li>Caf\u00e9 con leche<\/li>\n<li>Surtido de t\u00e9s<\/li>\n<li>Chocolate caliente o fr\u00edo<\/li>\n<li>Leche caliente o fr\u00edad<\/li>\n<\/ul>\n<p><strong>Frutas o l\u00e1cteos<\/strong><\/p>\n<ul>\n<li>Zumos de frutas frescas<\/li>\n<li>Macedonia de frutas frescas<\/li>\n<li>Compotas de frutas<\/li>\n<li>Yogures con fruta o naturales<\/li>\n<\/ul>\n<p><strong>Dulces<\/strong><\/p>\n<ul>\n<li>Croissant<\/li>\n<li>Pain au chocolat<\/li>\n<li>Caracola con pasas<\/li>\n<li>Brioche<\/li>\n<li>Tostadas<\/li>\n<li>Baguette<\/li>\n<li>Surtido de mantequilla, mermeladas, miel y jarabe de arcele<\/li>\n<\/ul>\n<hr \/>\n<p><strong>DESAYUNO EN LA HABITACI\u00d3N\u00a0&#8211;<\/strong>\u00a0<em>Precio: 20 \u20ac &#8211; Solicitar a trav\u00e9s de la recepci\u00f3n &gt; 9<\/em><\/p>\n<p>Panecillo, croissant, pain au chocolat, brioche, mantequilla, mermelada y miel<br \/>\nBebida caliente (caf\u00e9, t\u00e9 o chocolate) y zumo (naranja o pomelo)<\/p>\n","protected":false},"excerpt":{"rendered":"<p>El desayuno se sirve en el comedor de 07:00 a 10:30. DESAYUNO BUFFET\u00a0&#8211; Precio: 16 \u20ac Platos calientes Huevos revueltos Salchichas Surtido de quesos Embutidos Bebidas Caf\u00e9 solo Caf\u00e9 con leche Surtido de t\u00e9s Chocolate caliente o fr\u00edo Leche caliente o fr\u00edad Frutas o l\u00e1cteos Zumos de frutas frescas Macedonia de frutas frescas Compotas de [&hellip;]<\/p>\n","protected":false},"author":2,"featured_media":0,"parent":1685,"menu_order":3,"comment_status":"closed","ping_status":"closed","template":"page-sidebar.php","meta":{"_acf_changed":false,"_seopress_robots_primary_cat":"","_seopress_titles_title":"Petit d\u00e9jeuner buffet dans un hotel parisien - Hotel Westside","_seopress_titles_desc":"D\u00e9couvrez notre petit-d\u00e9jeuner complet pour 14 \u20ac : plats chauds et froids, jus de fruit frais, salade de fruits, viennoiseries. Arc de Triomphe \/ Ternes","_seopress_robots_index":"","footnotes":""},"class_list":["post-1693","page","type-page","status-publish","hentry"],"acf":[],"_links":{"self":[{"href":"https:\/\/www.hotelwestside.com\/es\/wp-json\/wp\/v2\/pages\/1693","targetHints":{"allow":["GET"]}}],"collection":[{"href":"https:\/\/www.hotelwestside.com\/es\/wp-json\/wp\/v2\/pages"}],"about":[{"href":"https:\/\/www.hotelwestside.com\/es\/wp-json\/wp\/v2\/types\/page"}],"author":[{"embeddable":true,"href":"https:\/\/www.hotelwestside.com\/es\/wp-json\/wp\/v2\/users\/2"}],"replies":[{"embeddable":true,"href":"https:\/\/www.hotelwestside.com\/es\/wp-json\/wp\/v2\/comments?post=1693"}],"version-history":[{"count":0,"href":"https:\/\/www.hotelwestside.com\/es\/wp-json\/wp\/v2\/pages\/1693\/revisions"}],"up":[{"embeddable":true,"href":"https:\/\/www.hotelwestside.com\/es\/wp-json\/wp\/v2\/pages\/1685"}],"wp:attachment":[{"href":"https:\/\/www.hotelwestside.com\/es\/wp-json\/wp\/v2\/media?parent=1693"}],"curies":[{"name":"wp","href":"https:\/\/api.w.org\/{rel}","templated":true}]}}