{"id":1690,"date":"2013-07-13T21:25:34","date_gmt":"2013-07-13T20:25:34","guid":{"rendered":"http:\/\/hotelwestside.44.io\/servicios\/piscine-sauna\/"},"modified":"2024-10-11T13:16:53","modified_gmt":"2024-10-11T12:16:53","slug":"piscina-sauna","status":"publish","type":"page","link":"https:\/\/www.hotelwestside.com\/es\/paris-arc-de-triomphe\/servicios\/piscina-sauna\/","title":{"rendered":"Piscina y Sauna"},"content":{"rendered":"<p>Lo mejor del Hotel Westside:\u00a0su piscina peque\u00f1a\u00a0(5,80 x 2,40 m) pero agradable y su sauna. Ambas son de acceso gratuito y se encuentran en nuestro espacio de descanso situado en el s\u00f3tano del hotel:\u00a0ideal para relajarse despu\u00e9s de un d\u00eda de trabajo o de turismo.<\/p>\n<p>Horarios: la piscina y la sauna est\u00e1n abiertas todos los d\u00edas de <strong>09:30 a 21:30 (<\/strong><span class=\"Y2IQFc\" lang=\"es\">\u00faltima reserva a 20:30)<br \/>\n<\/span><\/p>\n<p id=\"tw-target-text\" class=\"tw-data-text tw-text-large tw-ta\" dir=\"ltr\" data-placeholder=\"Traduction\" data-ved=\"2ahUKEwiaysLO_YCJAxUvUqQEHTNVJkwQ3ewLegQIBxAT\" aria-label=\"Texte traduit\u00a0: Para aprovechar este espacio es necesario reservar en recepci\u00f3n para sesiones de 45 minutos y dos personas como m\u00e1ximo.\"><span class=\"Y2IQFc\" lang=\"es\">Para aprovechar este espacio es <strong>necesario reservar en recepci\u00f3n<\/strong> para sesiones de 45 minutos y dos personas como m\u00e1ximo.<\/span><\/p>\n<p>La piscina est\u00e1 a una temperatura de <strong>27 \u00b0C<\/strong>.<\/p>\n<p id=\"tw-target-text\" class=\"tw-data-text tw-text-large tw-ta\" dir=\"ltr\" data-placeholder=\"Traduction\" data-ved=\"2ahUKEwiaysLO_YCJAxUvUqQEHTNVJkwQ3ewLegQIBxAT\" aria-label=\"Texte traduit\u00a0: La sauna se activa previa solicitud al realizar la reserva. En caso de reserva de \u00faltima hora, la sauna estar\u00e1 lista y a temperatura 20 minutos despu\u00e9s de su llamada.\"><span class=\"Y2IQFc\" lang=\"es\"><strong>La sauna se activa previa solicitud<\/strong> al realizar la reserva. En caso de reserva de \u00faltima hora, la sauna estar\u00e1 lista y a temperatura 20 minutos despu\u00e9s de su llamada.<\/span><\/p>\n<p id=\"tw-target-text\" class=\"tw-data-text tw-text-large tw-ta\" dir=\"ltr\" data-placeholder=\"Traduction\" data-ved=\"2ahUKEwiaysLO_YCJAxUvUqQEHTNVJkwQ3ewLegQIBxAT\" aria-label=\"Texte traduit\u00a0: Reglas de la piscina\n\n    Se requiere reserva\n    Ducha obligatoria antes de entrar a la piscina.\n    Prohibidos los juegos de billar\n    Prohibido a menores no acompa\u00f1ados\n    Sin alimentos ni bebidas (agua disponible en el espacio)\"><strong><span class=\"Y2IQFc\" lang=\"es\">Reglas de la piscina <\/span><\/strong><\/p>\n<ul>\n<li class=\"tw-data-text tw-text-large tw-ta\" dir=\"ltr\" data-placeholder=\"Traduction\" data-ved=\"2ahUKEwiaysLO_YCJAxUvUqQEHTNVJkwQ3ewLegQIBxAT\" aria-label=\"Texte traduit\u00a0: Reglas de la piscina\n\n    Se requiere reserva\n    Ducha obligatoria antes de entrar a la piscina.\n    Prohibidos los juegos de billar\n    Prohibido a menores no acompa\u00f1ados\n    Sin alimentos ni bebidas (agua disponible en el espacio)\"><span class=\"Y2IQFc\" lang=\"es\"><strong>Necesario reservar <\/strong>en recepci\u00f3n<\/span><\/li>\n<li class=\"tw-data-text tw-text-large tw-ta\" dir=\"ltr\" data-placeholder=\"Traduction\" data-ved=\"2ahUKEwiaysLO_YCJAxUvUqQEHTNVJkwQ3ewLegQIBxAT\" aria-label=\"Texte traduit\u00a0: Reglas de la piscina\n\n    Se requiere reserva\n    Ducha obligatoria antes de entrar a la piscina.\n    Prohibidos los juegos de billar\n    Prohibido a menores no acompa\u00f1ados\n    Sin alimentos ni bebidas (agua disponible en el espacio)\"><span class=\"Y2IQFc\" lang=\"es\">Se requiere reserva <strong>ducha obligatoria<\/strong> antes de entrar a la piscina. <\/span><\/li>\n<li class=\"tw-data-text tw-text-large tw-ta\" dir=\"ltr\" data-placeholder=\"Traduction\" data-ved=\"2ahUKEwiaysLO_YCJAxUvUqQEHTNVJkwQ3ewLegQIBxAT\" aria-label=\"Texte traduit\u00a0: Reglas de la piscina\n\n    Se requiere reserva\n    Ducha obligatoria antes de entrar a la piscina.\n    Prohibidos los juegos de billar\n    Prohibido a menores no acompa\u00f1ados\n    Sin alimentos ni bebidas (agua disponible en el espacio)\"><span class=\"Y2IQFc\" lang=\"es\">Prohibidos los <strong>juegos de billar <\/strong><\/span><\/li>\n<li class=\"tw-data-text tw-text-large tw-ta\" dir=\"ltr\" data-placeholder=\"Traduction\" data-ved=\"2ahUKEwiaysLO_YCJAxUvUqQEHTNVJkwQ3ewLegQIBxAT\" aria-label=\"Texte traduit\u00a0: Reglas de la piscina\n\n    Se requiere reserva\n    Ducha obligatoria antes de entrar a la piscina.\n    Prohibidos los juegos de billar\n    Prohibido a menores no acompa\u00f1ados\n    Sin alimentos ni bebidas (agua disponible en el espacio)\"><span class=\"Y2IQFc\" lang=\"es\">Prohibido a <strong>menores<\/strong> no acompa\u00f1ados <\/span><\/li>\n<li class=\"tw-data-text tw-text-large tw-ta\" dir=\"ltr\" data-placeholder=\"Traduction\" data-ved=\"2ahUKEwiaysLO_YCJAxUvUqQEHTNVJkwQ3ewLegQIBxAT\" aria-label=\"Texte traduit\u00a0: Reglas de la piscina\n\n    Se requiere reserva\n    Ducha obligatoria antes de entrar a la piscina.\n    Prohibidos los juegos de billar\n    Prohibido a menores no acompa\u00f1ados\n    Sin alimentos ni bebidas (agua disponible en el espacio)\"><span class=\"Y2IQFc\" lang=\"es\"><strong>Sin alimentos ni bebidas<\/strong> (agua disponible en el espacio)<\/span><\/li>\n<\/ul>\n<p><strong>Recomendaciones para la sauna<\/strong><\/p>\n<ul>\n<li>Haga sesiones con <strong>series cortas<\/strong><\/li>\n<li><strong>No vierta l\u00edquido<\/strong> <span class=\"Y2IQFc\" lang=\"es\" style=\"white-space: pre-wrap;\">sobre el calentador <\/span>: peligro de incendio<\/li>\n<li><strong>Alterne<\/strong> piscina y sauna<\/li>\n<li><strong>No consumir bebidas alcoh\u00f3licas<\/strong> durante una sesi\u00f3n de sauna : peligroso para la salud<\/li>\n<\/ul>\n","protected":false},"excerpt":{"rendered":"<p>Lo mejor del Hotel Westside:\u00a0su piscina peque\u00f1a\u00a0(5,80 x 2,40 m) pero agradable y su sauna. Ambas son de acceso gratuito y se encuentran en nuestro espacio de descanso situado en el s\u00f3tano del hotel:\u00a0ideal para relajarse despu\u00e9s de un d\u00eda de trabajo o de turismo. Horarios: la piscina y la sauna est\u00e1n abiertas todos los [&hellip;]<\/p>\n","protected":false},"author":2,"featured_media":0,"parent":1685,"menu_order":1,"comment_status":"closed","ping_status":"closed","template":"page-sidebar.php","meta":{"_acf_changed":false,"_seopress_robots_primary_cat":"","_seopress_titles_title":"Hotel con piscina y sauna en Paris - Westside Hotel","_seopress_titles_desc":"L'espace relaxation de l'Hotel Westside propose une petite piscine (5.80 m x 2.40 m) \u00e0 31\u00b0 et un sauna gratuits \u00e0 10 mn de la place de l'Etoile.","_seopress_robots_index":"","footnotes":""},"class_list":["post-1690","page","type-page","status-publish","hentry"],"acf":[],"_links":{"self":[{"href":"https:\/\/www.hotelwestside.com\/es\/wp-json\/wp\/v2\/pages\/1690","targetHints":{"allow":["GET"]}}],"collection":[{"href":"https:\/\/www.hotelwestside.com\/es\/wp-json\/wp\/v2\/pages"}],"about":[{"href":"https:\/\/www.hotelwestside.com\/es\/wp-json\/wp\/v2\/types\/page"}],"author":[{"embeddable":true,"href":"https:\/\/www.hotelwestside.com\/es\/wp-json\/wp\/v2\/users\/2"}],"replies":[{"embeddable":true,"href":"https:\/\/www.hotelwestside.com\/es\/wp-json\/wp\/v2\/comments?post=1690"}],"version-history":[{"count":0,"href":"https:\/\/www.hotelwestside.com\/es\/wp-json\/wp\/v2\/pages\/1690\/revisions"}],"up":[{"embeddable":true,"href":"https:\/\/www.hotelwestside.com\/es\/wp-json\/wp\/v2\/pages\/1685"}],"wp:attachment":[{"href":"https:\/\/www.hotelwestside.com\/es\/wp-json\/wp\/v2\/media?parent=1690"}],"curies":[{"name":"wp","href":"https:\/\/api.w.org\/{rel}","templated":true}]}}