{"id":1685,"date":"2013-07-08T22:54:27","date_gmt":"2013-07-08T21:54:27","guid":{"rendered":"http:\/\/hotelwestside.44.io\/prestations\/"},"modified":"2024-10-09T16:42:00","modified_gmt":"2024-10-09T15:42:00","slug":"servicios","status":"publish","type":"page","link":"https:\/\/www.hotelwestside.com\/es\/paris-arc-de-triomphe\/servicios\/","title":{"rendered":"Nuestros servicios"},"content":{"rendered":"<ul>\n<li><a href=\"http:\/\/hotelwestside.com\/es\/paris-arc-de-triomphe\/servicios\/desayuno\/\">Desayuno<\/a>: de 07:00 a 10:30. Buffet de desayuno (en el comedor) : 14 \u20ac \/ Desayuno continental en la habitaci\u00f3n : 17 \u20ac <a href=\"http:\/\/hotelwestside.com\/es\/paris-arc-de-triomphe\/servicios\/desayuno\/\">M\u00e1s informaci\u00f3n<\/a><\/li>\n<li>Recepci\u00f3n abierta 24 h<\/li>\n<li>Venta de entradas y oficina de excursiones: si desea reservar un restaurante, organizar visitas a museos, comprar entradas para espect\u00e1culos o billetes para viajar en autob\u00fas o en barco, o simplemente desea informarse acerca de un evento de la regi\u00f3n parisina, el equipo de recepci\u00f3n estar\u00e1 encantado de ayudarle.<\/li>\n<li><a href=\"http:\/\/hotelwestside.com\/es\/paris-arc-de-triomphe\/servicios\/piscina-sauna\/\">Piscina, sauna<\/a>: abierto de 09:30 a 21:30 <a href=\"http:\/\/hotelwestside.com\/es\/paris-arc-de-triomphe\/servicios\/piscina-sauna\/\">M\u00e1s informaci\u00f3n<\/a><\/li>\n<li>\n<p id=\"tw-target-text\" class=\"tw-data-text tw-text-large tw-ta\" dir=\"ltr\" data-placeholder=\"Traduction\"><span class=\"Y2IQFc\" lang=\"es\">Sala de reuniones: el Westside Arc de Triomphe ofrece a sus clientes una sala privada con una superficie de 40 m\u00b2 que puede acomodar hasta 15 personas seg\u00fan la configuraci\u00f3n elegida. Habitaci\u00f3n disponible a partir de las 11:00 horas, precio a consultar<\/span><\/p>\n<\/li>\n<li>Bar (de 14:00 a 00:00)<\/li>\n<li>Servicio de habitaciones (de 17:00 a 01:30, contar con 45 min de espera)<\/li>\n<li>Wifi gratuito<\/li>\n<li>Business Center: a su disposici\u00f3n en todo momento en el sal\u00f3n-bar (iMac)<\/li>\n<li>Fax (coste adicional)<\/li>\n<li>Peri\u00f3dicos<\/li>\n<li>Ascensor<\/li>\n<li>Servicio de equipaje<\/li>\n<li>Tintorer\u00eda\/limpieza en seco : ordena la limpieza de tu ropa antes de las 10 a. m., te ser\u00e1 devuelta dentro de las 24 horas.<\/li>\n<li>\n<p id=\"tw-target-text\" class=\"tw-data-text tw-text-large tw-ta\" dir=\"ltr\" data-placeholder=\"Traduction\"><span class=\"Y2IQFc\" lang=\"es\">Ni\u00f1era: \u00bfnecesita salir sin su hijo? Puede beneficiarse de un servicio de ni\u00f1era bajo petici\u00f3n en la recepci\u00f3n del hotel. Este servicio est\u00e1 disponible los 7 d\u00edas de la semana, las 24 horas del d\u00eda.<\/span><\/p>\n<\/li>\n<li>\n<p id=\"tw-target-text\" class=\"tw-data-text tw-text-large tw-ta\" dir=\"ltr\" data-placeholder=\"Traduction\"><span class=\"Y2IQFc\" lang=\"es\">Masajes y tratamientos de belleza: \u00bfQuieres relajarte? En asociaci\u00f3n con el sal\u00f3n SPA GEMOLOGY ubicado a 5 minutos a pie del hotel Westside, elija entre los diversos tratamientos (cara, cuerpo, depilaci\u00f3n, etc.) el que necesita. Servicios a realizar en el sal\u00f3n, 6 rue Pierre Demours. Se requiere reserva en recepci\u00f3n. Servicio sujeto a disponibilidad, tarifas disponibles en recepci\u00f3n.<\/span><\/p>\n<\/li>\n<li>A su disposici\u00f3n en la recepci\u00f3n: folletos tur\u00edsticos y mapa de Par\u00eds, adaptadores el\u00e9ctricos, productos para beb\u00e9s (cambiador, trona&#8230;), ba\u00f1adores para mujer y hombre (a la venta), PC port\u00e1til e impresora, planchas y tablas (se llevan a la habitaci\u00f3n), productos de bienvenida (cepillos de dientes, pasta de dientes, peines y cepillos, compresas&#8230;), botiqu\u00edn, consolas y videojuegos, lectores de Blu-Ray\/DVD y pel\u00edculas, ordenadores port\u00e1tiles e impresoras\u2026<\/li>\n<li>En todas nuestras habitaciones est\u00e1 prohibido fumar y todas disponen de caja fuerte, aire acondicionado y calefacci\u00f3n individual, televisiones LED (53 canales franceses e internacionales, bandeja de cortes\u00eda con t\u00e9 y caf\u00e9, estaci\u00f3n iPod, albornoz y zapatillas, hervidor\/t\u00e9\/caf\u00e9, minibar, productos de aseo Pascal Morabito&#8230;<strong><br \/>\nINFORMACI\u00d3N PR\u00c1CTICA<\/strong><\/li>\n<\/ul>\n<ul>\n<li>Check in: a partir de las 15:00 \/ Check out: antes de las 12:00.<\/li>\n<li>Tarjetas de cr\u00e9dito aceptadas en el hotel: American Express, Visa, Euro\/Mastercard, Carte Bleue. Atenci\u00f3n: el hotel se reserva el derecho a comprobar la validez de las tarjetas antes de la llegada.<\/li>\n<li>Idiomas hablados por el equipo: espa\u00f1ol, ingl\u00e9s y franc\u00e9s<\/li>\n<li>Hotel 4 estrellas<\/li>\n<li>44 habitaciones: <a href=\"http:\/\/hotelwestside.com\/es\/paris-arc-de-triomphe\/habitacion-doble-deluxe\/\">habitaciones dobles deluxe<\/a>, <a href=\"http:\/\/hotelwestside.com\/es\/paris-arc-de-triomphe\/chambre-double-superieure\/\">habitaciones dobles superiores<\/a>,<a href=\"http:\/\/hotelwestside.com\/es\/paris-arc-de-triomphe\/chambre-double-classique\/\"> habitaciones dobles cl\u00e1sicas<\/a> y <a href=\"http:\/\/hotelwestside.com\/es\/paris-arc-de-triomphe\/twin-habitacion\/\">habitaciones twin superiores o deluxe<\/a> con dos camas (90 cm x 2)<\/li>\n<\/ul>\n","protected":false},"excerpt":{"rendered":"<p>Desayuno: de 07:00 a 10:30. Buffet de desayuno (en el comedor) : 14 \u20ac \/ Desayuno continental en la habitaci\u00f3n : 17 \u20ac M\u00e1s informaci\u00f3n Recepci\u00f3n abierta 24 h Venta de entradas y oficina de excursiones: si desea reservar un restaurante, organizar visitas a museos, comprar entradas para espect\u00e1culos o billetes para viajar en autob\u00fas [&hellip;]<\/p>\n","protected":false},"author":2,"featured_media":0,"parent":1714,"menu_order":9,"comment_status":"closed","ping_status":"closed","template":"page-sidebar.php","meta":{"_acf_changed":false,"_seopress_robots_primary_cat":"","_seopress_titles_title":"Wifi gratuit \u00e0 Paris \u00e0 l'Hotel Westside et toutes nos prestations","_seopress_titles_desc":"R\u00e9ception 24h sur 24, Piscine et sauna, BeIn Sport\/Cartoon Network, Bureau d'excursion, Robe de chambre et chaussons, Bar... Prestations compl\u00e8tes.","_seopress_robots_index":"","footnotes":""},"class_list":["post-1685","page","type-page","status-publish","hentry"],"acf":[],"_links":{"self":[{"href":"https:\/\/www.hotelwestside.com\/es\/wp-json\/wp\/v2\/pages\/1685","targetHints":{"allow":["GET"]}}],"collection":[{"href":"https:\/\/www.hotelwestside.com\/es\/wp-json\/wp\/v2\/pages"}],"about":[{"href":"https:\/\/www.hotelwestside.com\/es\/wp-json\/wp\/v2\/types\/page"}],"author":[{"embeddable":true,"href":"https:\/\/www.hotelwestside.com\/es\/wp-json\/wp\/v2\/users\/2"}],"replies":[{"embeddable":true,"href":"https:\/\/www.hotelwestside.com\/es\/wp-json\/wp\/v2\/comments?post=1685"}],"version-history":[{"count":0,"href":"https:\/\/www.hotelwestside.com\/es\/wp-json\/wp\/v2\/pages\/1685\/revisions"}],"up":[{"embeddable":true,"href":"https:\/\/www.hotelwestside.com\/es\/wp-json\/wp\/v2\/pages\/1714"}],"wp:attachment":[{"href":"https:\/\/www.hotelwestside.com\/es\/wp-json\/wp\/v2\/media?parent=1685"}],"curies":[{"name":"wp","href":"https:\/\/api.w.org\/{rel}","templated":true}]}}