{"id":1678,"date":"2013-07-08T21:41:47","date_gmt":"2013-07-08T20:41:47","guid":{"rendered":"http:\/\/hotelwestside.44.io\/chambre-simple\/"},"modified":"2024-10-24T15:16:32","modified_gmt":"2024-10-24T14:16:32","slug":"twin-habitacion","status":"publish","type":"page","link":"https:\/\/www.hotelwestside.com\/es\/paris-arc-de-triomphe\/twin-habitacion\/","title":{"rendered":"Twins superiores y deluxe"},"content":{"rendered":"<p>Nuestras seis habitaciones twin superiores y nuestras dos twin deluxe est\u00e1n decoradas con un estilo contempor\u00e1neo y pr\u00e1ctico principalmente con madera. Todas cuentan con un escritorio de trabajo, son tranquilas y est\u00e1n equipadas con dos camas (90 cm de ancho x 2).<\/p>\n<p>No est\u00e1 permitido fumar en ninguna de estas habitaciones y todas cuentan con los mejores servicios: televisi\u00f3n LED (53 canales), tel\u00e9fono, caja fuerte, aire acondicionado individual, calefacci\u00f3n individual, ba\u00f1era, secador, mini-bar, zapatillas de casa, hervidor\/t\u00e9\/caf\u00e9, nevera, servicio de habitaciones, servicio despertador.<\/p>\n","protected":false},"excerpt":{"rendered":"<p>Nuestras seis habitaciones twin superiores y nuestras dos twin deluxe est\u00e1n decoradas con un estilo contempor\u00e1neo y pr\u00e1ctico principalmente con madera. Todas cuentan con un escritorio de trabajo, son tranquilas y est\u00e1n equipadas con dos camas (90 cm de ancho x 2). No est\u00e1 permitido fumar en ninguna de estas habitaciones y todas cuentan con [&hellip;]<\/p>\n","protected":false},"author":2,"featured_media":0,"parent":1714,"menu_order":7,"comment_status":"closed","ping_status":"closed","template":"page-chambre-sidebar.php","meta":{"_acf_changed":false,"_seopress_robots_primary_cat":"","_seopress_titles_title":"Twin habitacion Paris - Hotel Westside Arc de Triomphe","_seopress_titles_desc":"Toutes nos chambres sup\u00e9rieures twin sont \u00e9quip\u00e9es de deux lits (90 cm x 2), d'un bureau et du wifi gratuit : id\u00e9al pour votre prochain voyage d'affaires \u00e0 Paris.","_seopress_robots_index":"","footnotes":""},"class_list":["post-1678","page","type-page","status-publish","hentry"],"acf":[],"_links":{"self":[{"href":"https:\/\/www.hotelwestside.com\/es\/wp-json\/wp\/v2\/pages\/1678","targetHints":{"allow":["GET"]}}],"collection":[{"href":"https:\/\/www.hotelwestside.com\/es\/wp-json\/wp\/v2\/pages"}],"about":[{"href":"https:\/\/www.hotelwestside.com\/es\/wp-json\/wp\/v2\/types\/page"}],"author":[{"embeddable":true,"href":"https:\/\/www.hotelwestside.com\/es\/wp-json\/wp\/v2\/users\/2"}],"replies":[{"embeddable":true,"href":"https:\/\/www.hotelwestside.com\/es\/wp-json\/wp\/v2\/comments?post=1678"}],"version-history":[{"count":0,"href":"https:\/\/www.hotelwestside.com\/es\/wp-json\/wp\/v2\/pages\/1678\/revisions"}],"up":[{"embeddable":true,"href":"https:\/\/www.hotelwestside.com\/es\/wp-json\/wp\/v2\/pages\/1714"}],"wp:attachment":[{"href":"https:\/\/www.hotelwestside.com\/es\/wp-json\/wp\/v2\/media?parent=1678"}],"curies":[{"name":"wp","href":"https:\/\/api.w.org\/{rel}","templated":true}]}}