{"id":1675,"date":"2013-07-08T22:52:25","date_gmt":"2013-07-08T21:52:25","guid":{"rendered":"http:\/\/hotelwestside.44.io\/chambre-double-classique\/"},"modified":"2024-10-24T15:19:26","modified_gmt":"2024-10-24T14:19:26","slug":"chambre-double-classique","status":"publish","type":"page","link":"https:\/\/www.hotelwestside.com\/es\/paris-arc-de-triomphe\/chambre-double-classique\/","title":{"rendered":"Habitaci\u00f3nes individuales cl\u00e1sicas"},"content":{"rendered":"<p>Nuestras catorce habitaciones individuales cl\u00e1sicas est\u00e1n decoradas con un estilo contempor\u00e1neo y pr\u00e1ctico principalmente con madera. Todas cuentan con una cama grande y un escritorio de trabajo. Son especialmente tranquilas.<\/p>\n<p>No est\u00e1 permitido fumar en ninguna de estas habitaciones y todas cuentan con los mejores servicios: televisi\u00f3n LED (53 canales), tel\u00e9fono, caja fuerte, aire acondicionado individual, calefacci\u00f3n individual, ducha, secador, albornoces,\u00a0 zapatillas de casa, hervidor\/t\u00e9\/caf\u00e9, mini-bar, servicio de habitaciones, servicio despertador.<\/p>\n","protected":false},"excerpt":{"rendered":"<p>Nuestras catorce habitaciones individuales cl\u00e1sicas est\u00e1n decoradas con un estilo contempor\u00e1neo y pr\u00e1ctico principalmente con madera. Todas cuentan con una cama grande y un escritorio de trabajo. Son especialmente tranquilas. No est\u00e1 permitido fumar en ninguna de estas habitaciones y todas cuentan con los mejores servicios: televisi\u00f3n LED (53 canales), tel\u00e9fono, caja fuerte, aire acondicionado [&hellip;]<\/p>\n","protected":false},"author":2,"featured_media":0,"parent":1714,"menu_order":5,"comment_status":"closed","ping_status":"closed","template":"page-chambre-sidebar.php","meta":{"_acf_changed":false,"_seopress_robots_primary_cat":"","_seopress_titles_title":"Chambre calme \u00e0 Paris \u00e0 l'H\u00f4tel Westside Arc de Triomphe","_seopress_titles_desc":"Nos chambres doubles classiques sont particuli\u00e8rement calmes et offrent un tr\u00e8s bon rapport qualit\u00e9 prix pour votre prochain s\u00e9jour dans un h\u00f4tel 4 \u00e9toiles.","_seopress_robots_index":"","footnotes":""},"class_list":["post-1675","page","type-page","status-publish","hentry"],"acf":[],"_links":{"self":[{"href":"https:\/\/www.hotelwestside.com\/es\/wp-json\/wp\/v2\/pages\/1675","targetHints":{"allow":["GET"]}}],"collection":[{"href":"https:\/\/www.hotelwestside.com\/es\/wp-json\/wp\/v2\/pages"}],"about":[{"href":"https:\/\/www.hotelwestside.com\/es\/wp-json\/wp\/v2\/types\/page"}],"author":[{"embeddable":true,"href":"https:\/\/www.hotelwestside.com\/es\/wp-json\/wp\/v2\/users\/2"}],"replies":[{"embeddable":true,"href":"https:\/\/www.hotelwestside.com\/es\/wp-json\/wp\/v2\/comments?post=1675"}],"version-history":[{"count":0,"href":"https:\/\/www.hotelwestside.com\/es\/wp-json\/wp\/v2\/pages\/1675\/revisions"}],"up":[{"embeddable":true,"href":"https:\/\/www.hotelwestside.com\/es\/wp-json\/wp\/v2\/pages\/1714"}],"wp:attachment":[{"href":"https:\/\/www.hotelwestside.com\/es\/wp-json\/wp\/v2\/media?parent=1675"}],"curies":[{"name":"wp","href":"https:\/\/api.w.org\/{rel}","templated":true}]}}