{"id":1672,"date":"2013-07-08T22:53:03","date_gmt":"2013-07-08T21:53:03","guid":{"rendered":"http:\/\/hotelwestside.44.io\/chambre-double-superieure\/"},"modified":"2024-10-24T15:12:04","modified_gmt":"2024-10-24T14:12:04","slug":"chambre-double-superieure","status":"publish","type":"page","link":"https:\/\/www.hotelwestside.com\/es\/paris-arc-de-triomphe\/chambre-double-superieure\/","title":{"rendered":"Habitaciones dobles superiores"},"content":{"rendered":"<p>Nuestras quince habitaciones dobles superiores est\u00e1n decoradas con un estilo contempor\u00e1neo y pr\u00e1ctico principalmente con madera. Cuentan con un gran escritorio de trabajo. Seis de estas habitaciones est\u00e1n disponibles en con disposici\u00f3n \u00abtwin\u00bb (dos camas individuales juntas). Las habitaciones de tipo \u00ab01\u00bb y \u00ab02\u00bb dan al oeste y a la rue Pierre Demours as\u00ed que son muy luminosas. Las habitaciones superiores tipo \u00ab06\u00bb son especialmente tranquilas.<\/p>\n<p>No est\u00e1 permitido fumar en ninguna de estas habitaciones y todas cuentan con los mejores servicios: televisi\u00f3n LED (53 canales), tel\u00e9fono, hervidor\/t\u00e9\/caf\u00e9, caja fuerte, aire acondicionado individual, calefacci\u00f3n individual, mini bar, ba\u00f1era, secador, albornoces, zapatillas de casa, estuche de costura, estuche de cuidado de zapatos, servicio despertador.<\/p>\n","protected":false},"excerpt":{"rendered":"<p>Nuestras quince habitaciones dobles superiores est\u00e1n decoradas con un estilo contempor\u00e1neo y pr\u00e1ctico principalmente con madera. Cuentan con un gran escritorio de trabajo. Seis de estas habitaciones est\u00e1n disponibles en con disposici\u00f3n \u00abtwin\u00bb (dos camas individuales juntas). Las habitaciones de tipo \u00ab01\u00bb y \u00ab02\u00bb dan al oeste y a la rue Pierre Demours as\u00ed que [&hellip;]<\/p>\n","protected":false},"author":2,"featured_media":0,"parent":1714,"menu_order":4,"comment_status":"closed","ping_status":"closed","template":"page-chambre-sidebar.php","meta":{"_acf_changed":false,"_seopress_robots_primary_cat":"","_seopress_titles_title":"Habitacion doble superior - Hotel Westside Arc de Triomphe","_seopress_titles_desc":"Plusieurs de nos chambres doubles sup\u00e9rieures proposent des lits jumleuax. Consultez notre \u00e9quipe sur leur disponibilit\u00e9 et sur leurs prix.","_seopress_robots_index":"","footnotes":""},"class_list":["post-1672","page","type-page","status-publish","hentry"],"acf":[],"_links":{"self":[{"href":"https:\/\/www.hotelwestside.com\/es\/wp-json\/wp\/v2\/pages\/1672","targetHints":{"allow":["GET"]}}],"collection":[{"href":"https:\/\/www.hotelwestside.com\/es\/wp-json\/wp\/v2\/pages"}],"about":[{"href":"https:\/\/www.hotelwestside.com\/es\/wp-json\/wp\/v2\/types\/page"}],"author":[{"embeddable":true,"href":"https:\/\/www.hotelwestside.com\/es\/wp-json\/wp\/v2\/users\/2"}],"replies":[{"embeddable":true,"href":"https:\/\/www.hotelwestside.com\/es\/wp-json\/wp\/v2\/comments?post=1672"}],"version-history":[{"count":0,"href":"https:\/\/www.hotelwestside.com\/es\/wp-json\/wp\/v2\/pages\/1672\/revisions"}],"up":[{"embeddable":true,"href":"https:\/\/www.hotelwestside.com\/es\/wp-json\/wp\/v2\/pages\/1714"}],"wp:attachment":[{"href":"https:\/\/www.hotelwestside.com\/es\/wp-json\/wp\/v2\/media?parent=1672"}],"curies":[{"name":"wp","href":"https:\/\/api.w.org\/{rel}","templated":true}]}}