{"id":1669,"date":"2013-07-08T22:54:03","date_gmt":"2013-07-08T21:54:03","guid":{"rendered":"http:\/\/hotelwestside.44.io\/chambre-double-deluxe\/"},"modified":"2024-10-29T14:33:50","modified_gmt":"2024-10-29T13:33:50","slug":"habitacion-doble-deluxe","status":"publish","type":"page","link":"https:\/\/www.hotelwestside.com\/es\/paris-arc-de-triomphe\/habitacion-doble-deluxe\/","title":{"rendered":"Habitaciones dobles deluxe"},"content":{"rendered":"<p>Nuestras tres habitaciones dobles deluxe est\u00e1n decoradas con un estilo contempor\u00e1neo y pr\u00e1ctico principalmente con madera. Todas tienen un balc\u00f3n privado o una terraza, y aquellas que se encuentran en el sexto y en el octavo piso del hotel, cuentan con unas vistas magn\u00edficas, sin edificios en frente, de los tejados de Par\u00eds cercanos. Son especialmente claras y luminosas. Tenga en cuenta que nuestro ascensor llega hasta el s\u00e9ptimo piso y que nuestros clientes deben subir un piso a pie para acceder a las habitaciones del octavo piso. Evidentemente nuestro equipo est\u00e1 a su disposici\u00f3n para transportar el equipaje.<\/p>\n<p>No est\u00e1 permitido fumar en ninguna de estas habitaciones y todas cuentan con los mejores servicios: televisi\u00f3n LED (53 canales), mini-bar, servicio de habitaciones, hervidor\/t\u00e9\/caf\u00e9, caja fuerte, aire acondicionado individual, calefacci\u00f3n individual, ba\u00f1era, secador, albornoces, zapatillas de casa, estuche de costura, estuche de cuidado de zapatos, servicio despertador.<\/p>\n","protected":false},"excerpt":{"rendered":"<p>Nuestras tres habitaciones dobles deluxe est\u00e1n decoradas con un estilo contempor\u00e1neo y pr\u00e1ctico principalmente con madera. Todas tienen un balc\u00f3n privado o una terraza, y aquellas que se encuentran en el sexto y en el octavo piso del hotel, cuentan con unas vistas magn\u00edficas, sin edificios en frente, de los tejados de Par\u00eds cercanos. Son [&hellip;]<\/p>\n","protected":false},"author":2,"featured_media":0,"parent":1714,"menu_order":3,"comment_status":"closed","ping_status":"closed","template":"page-chambre-sidebar.php","meta":{"_acf_changed":false,"_seopress_robots_primary_cat":"","_seopress_titles_title":"Habitaciones dobles deluxe - Hotel Westside Arc de Triomphe","_seopress_titles_desc":"Nos meilleures chambres ont un balcon ou une terrasse et certaines d'entre elles ont une vue d\u00e9gag\u00e9e sur les toits de Paris. Contactez-nous !","_seopress_robots_index":"","footnotes":""},"class_list":["post-1669","page","type-page","status-publish","hentry"],"acf":[],"_links":{"self":[{"href":"https:\/\/www.hotelwestside.com\/es\/wp-json\/wp\/v2\/pages\/1669","targetHints":{"allow":["GET"]}}],"collection":[{"href":"https:\/\/www.hotelwestside.com\/es\/wp-json\/wp\/v2\/pages"}],"about":[{"href":"https:\/\/www.hotelwestside.com\/es\/wp-json\/wp\/v2\/types\/page"}],"author":[{"embeddable":true,"href":"https:\/\/www.hotelwestside.com\/es\/wp-json\/wp\/v2\/users\/2"}],"replies":[{"embeddable":true,"href":"https:\/\/www.hotelwestside.com\/es\/wp-json\/wp\/v2\/comments?post=1669"}],"version-history":[{"count":0,"href":"https:\/\/www.hotelwestside.com\/es\/wp-json\/wp\/v2\/pages\/1669\/revisions"}],"up":[{"embeddable":true,"href":"https:\/\/www.hotelwestside.com\/es\/wp-json\/wp\/v2\/pages\/1714"}],"wp:attachment":[{"href":"https:\/\/www.hotelwestside.com\/es\/wp-json\/wp\/v2\/media?parent=1669"}],"curies":[{"name":"wp","href":"https:\/\/api.w.org\/{rel}","templated":true}]}}